{"id":10,"date":"2022-09-30T06:30:38","date_gmt":"2022-09-30T04:30:38","guid":{"rendered":"http:\/\/gbsgroupe1.lescigales.org\/?page_id=10"},"modified":"2022-10-03T02:18:13","modified_gmt":"2022-10-03T00:18:13","slug":"nos-services","status":"publish","type":"page","link":"https:\/\/gbsgroupe1.lescigales.org\/?page_id=10","title":{"rendered":"pr\u00e9parer son entretien"},"content":{"rendered":"\n<p>L\u2019entretien Campus France est un moment important, o\u00f9 vous aurez l\u2019occasion d\u2019exposer en d\u00e9tail votre projet d\u2019\u00e9tudes, votre parcours et vos motivations.<\/p>\n\n\n\n<p>L\u2019entretien Campus France est un \u00e9change d\u2019une&nbsp;<strong>vingtaine de minutes<\/strong>&nbsp;avec un conseiller Campus France.<\/p>\n\n\n\n<p>Il a pour but&nbsp;<strong>d\u2019\u00e9valuer la coh\u00e9rence de votre parcours et de votre projet<\/strong>, afin d\u2019en rendre compte aux \u00e9tablissements dans lesquels vous postulez.&nbsp;<strong>Il est pour vous l\u2019occasion de montrer \u00e0 votre interlocuteur toute votre motivation et d\u2019expliquer vos choix.<\/strong><\/p>\n\n\n\n<p><strong>Tout comme n\u2019importe quel entretien ou expos\u00e9, vous devez le pr\u00e9parer avec attention.&nbsp;<\/strong>Vous trouverez ci-dessous quelques conseils qui vous aideront \u00e0 pr\u00e9parer votre entretien.<\/p>\n\n\n\n<h3>Avant le jour de l&rsquo;entretien:<\/h3>\n\n\n\n<ul><li>Pr\u00e9parez-vous \u00e0&nbsp;<strong>pr\u00e9senter en quelques minutes votre parcours et votre projet<\/strong><\/li><li><strong>Renseignez-vous<\/strong>&nbsp;sur chacun des \u00e9tablissements et chacune des formations auxquelles vous postulez&nbsp;: conditions d\u2019admissions, programmes et contenu de la formation, d\u00e9bouch\u00e9s<\/li><li>Vous devez&nbsp;<strong>absolument&nbsp;<\/strong>savoir o\u00f9 vous postulez, et quelles sont les&nbsp;<strong>sp\u00e9cificit\u00e9s des formations&nbsp;<\/strong>que vous avez choisies.<\/li><\/ul>\n\n\n\n<p><em>Ex&nbsp;: Si vous postulez en Master, renseignez-vous sur les diff\u00e9rentes sp\u00e9cialit\u00e9s propos\u00e9es ou sur les caract\u00e9ristiques de celles que vous avez choisies.<\/em><\/p>\n\n\n\n<p><em>Ex&nbsp;: Si vous venez d\u2019avoir votre bac, renseignez-vous sur le parcours qui vous permettra d\u2019accomplir votre objectif (ex&nbsp;: comment devient-on m\u00e9decin en France&nbsp;? Avocat&nbsp;? Notaire&nbsp;? Architecte&nbsp;? etc.) et sur le d\u00e9roul\u00e9 des \u00e9tudes au-del\u00e0 de la 1\u00e8re ann\u00e9e d\u2019universit\u00e9.<\/em><\/p>\n\n\n\n<p><em>Ex&nbsp;: Si vous avez fait des d\u00e9marches dans des formations demandant la ma\u00eetrise d\u2019une ou plusieurs langues \u00e9trang\u00e8res, attendez-vous \u00e0 ce qu\u2019on vous demande de dire quelques phrases dans cette langue.<\/em><\/p>\n\n\n\n<ul><li>R\u00e9fl\u00e9chissez \u00e0 ce que faire vos \u00e9tudes en France implique, aux difficult\u00e9s que vous pouvez rencontrer, pensez \u00e0 ce que vous ferez si votre projet n\u2019aboutit pas, mais aussi \u00e0 ce que vous apportera la r\u00e9ussite de ce projet.<\/li><li><strong>Pour r\u00e9sumer, vous devez savoir pourquoi vous postulez pour les formations et les \u00e9tablissements choisis, \u00eatre capable d\u2019expliquer la coh\u00e9rence et la pertinence de votre projet d\u2019\u00e9tudes et convaincre votre interlocuteur que vous avez les moyens de r\u00e9ussir.<\/strong><\/li><\/ul>\n\n\n\n<h3>Le jour de l&rsquo;entretien:<\/h3>\n\n\n\n<ul><li>Avant de partir, assurez-vous d\u2019avoir imprim\u00e9 votre convocation et d\u2019emporter votre pi\u00e8ce d\u2019identit\u00e9.<\/li><li>Comme pour tout examen, entretien d\u2019embauche ou expos\u00e9&nbsp;: arrivez un peu en avance pour pouvoir vous mettre en condition, soignez votre apparence et une fois devant le conseiller Campus France, essayez de parler distinctement et pos\u00e9ment.<\/li><\/ul>\n","protected":false},"excerpt":{"rendered":"<p>L\u2019entretien Campus France est un moment important, o\u00f9 vous aurez l\u2019occasion d\u2019exposer en d\u00e9tail votre projet d\u2019\u00e9tudes, votre parcours et vos motivations. L\u2019entretien Campus France est un \u00e9change d\u2019une&nbsp;vingtaine de minutes&nbsp;avec un conseiller Campus France. Il a pour but&nbsp;d\u2019\u00e9valuer la coh\u00e9rence de votre parcours et de votre projet, afin d\u2019en rendre compte aux \u00e9tablissements dans [&hellip;]<\/p>\n","protected":false},"author":1,"featured_media":0,"parent":0,"menu_order":0,"comment_status":"closed","ping_status":"closed","template":"","meta":[],"_links":{"self":[{"href":"https:\/\/gbsgroupe1.lescigales.org\/index.php?rest_route=\/wp\/v2\/pages\/10"}],"collection":[{"href":"https:\/\/gbsgroupe1.lescigales.org\/index.php?rest_route=\/wp\/v2\/pages"}],"about":[{"href":"https:\/\/gbsgroupe1.lescigales.org\/index.php?rest_route=\/wp\/v2\/types\/page"}],"author":[{"embeddable":true,"href":"https:\/\/gbsgroupe1.lescigales.org\/index.php?rest_route=\/wp\/v2\/users\/1"}],"replies":[{"embeddable":true,"href":"https:\/\/gbsgroupe1.lescigales.org\/index.php?rest_route=%2Fwp%2Fv2%2Fcomments&post=10"}],"version-history":[{"count":2,"href":"https:\/\/gbsgroupe1.lescigales.org\/index.php?rest_route=\/wp\/v2\/pages\/10\/revisions"}],"predecessor-version":[{"id":84,"href":"https:\/\/gbsgroupe1.lescigales.org\/index.php?rest_route=\/wp\/v2\/pages\/10\/revisions\/84"}],"wp:attachment":[{"href":"https:\/\/gbsgroupe1.lescigales.org\/index.php?rest_route=%2Fwp%2Fv2%2Fmedia&parent=10"}],"curies":[{"name":"wp","href":"https:\/\/api.w.org\/{rel}","templated":true}]}}