{"id":100,"date":"2022-10-03T02:37:41","date_gmt":"2022-10-03T00:37:41","guid":{"rendered":"http:\/\/gbsgroupe1.lescigales.org\/?page_id=100"},"modified":"2022-10-03T02:55:59","modified_gmt":"2022-10-03T00:55:59","slug":"les-etablissements-non-connecte","status":"publish","type":"page","link":"https:\/\/gbsgroupe1.lescigales.org\/?page_id=100","title":{"rendered":"Les \u00e9tablissements non connect\u00e9"},"content":{"rendered":"\n<p>Certains \u00e9tablissements d\u2019enseignement sup\u00e9rieur sont \u00ab Non Connect\u00e9s \u00bb \u00e0 la plateforme \u00e9tudes en France&nbsp;<\/p>\n\n\n\n<p>Certains \u00e9tablissements d\u2019enseignement sup\u00e9rieur sont \u00ab Non Connect\u00e9s \u00bb \u00e0 la plateforme \u00e9tudes en France. C&rsquo;est \u00e0 dire qu&rsquo;ils ne sont pas publics.<\/p>\n\n\n\n<p><strong>Les Etablissements non connect\u00e9s<\/strong><\/p>\n\n\n\n<ul><li>Ne sont pas signataires de la convention CEF,<\/li><li>N\u2019ont pas acc\u00e8s \u00e0 l\u2019application \u00c9tudes en France et ne peuvent pas visualiser les dossiers<\/li><li>Le candidat doit g\u00e9rer la demande de pr\u00e9inscription et son suivi directement avec l\u2019\u00e9tablissement.<\/li><\/ul>\n\n\n\n<p><strong>La pr\u00e9inscription<\/strong><\/p>\n\n\n\n<ul><li>La r\u00e9ponse est directement transmise au candidat par courrier.<\/li><li>Le candidat doit ins\u00e9rer son attestion d&rsquo;inscription dans son compte&nbsp;\u00c9tudes en France<\/li><li>Le candidat doit venir pr\u00e9senter l\u2019original de l\u2019attestation \u00e0 CFS s&rsquo;il est disponible.&nbsp;Dans le cas contraire,&nbsp;demander \u00e0 son \u00e9tablissement l&rsquo;envoi de la confirmation de son inscription \u00e0 l&rsquo;adresse mail suivante :&nbsp;<a href=\"mailto:campusfrance@ifs.sn\" target=\"_blank\" rel=\"noreferrer noopener\">campusfrance@ifs.sn<\/a><\/li><\/ul>\n\n\n\n<p>Pour la proc\u00e9dure en d\u00e9tail, consultez cet article :&nbsp;<a href=\"https:\/\/www.senegal.campusfrance.org\/procedure-pre-consulaire\">https:\/\/www.senegal.campusfrance.org\/procedure-pre-consulaire<\/a><\/p>\n","protected":false},"excerpt":{"rendered":"<p>Certains \u00e9tablissements d\u2019enseignement sup\u00e9rieur sont \u00ab Non Connect\u00e9s \u00bb \u00e0 la plateforme \u00e9tudes en France&nbsp; Certains \u00e9tablissements d\u2019enseignement sup\u00e9rieur sont \u00ab Non Connect\u00e9s \u00bb \u00e0 la plateforme \u00e9tudes en France. C&rsquo;est \u00e0 dire qu&rsquo;ils ne sont pas publics. Les Etablissements non connect\u00e9s Ne sont pas signataires de la convention CEF, N\u2019ont pas acc\u00e8s \u00e0 l\u2019application [&hellip;]<\/p>\n","protected":false},"author":1,"featured_media":0,"parent":0,"menu_order":0,"comment_status":"closed","ping_status":"closed","template":"","meta":[],"_links":{"self":[{"href":"https:\/\/gbsgroupe1.lescigales.org\/index.php?rest_route=\/wp\/v2\/pages\/100"}],"collection":[{"href":"https:\/\/gbsgroupe1.lescigales.org\/index.php?rest_route=\/wp\/v2\/pages"}],"about":[{"href":"https:\/\/gbsgroupe1.lescigales.org\/index.php?rest_route=\/wp\/v2\/types\/page"}],"author":[{"embeddable":true,"href":"https:\/\/gbsgroupe1.lescigales.org\/index.php?rest_route=\/wp\/v2\/users\/1"}],"replies":[{"embeddable":true,"href":"https:\/\/gbsgroupe1.lescigales.org\/index.php?rest_route=%2Fwp%2Fv2%2Fcomments&post=100"}],"version-history":[{"count":2,"href":"https:\/\/gbsgroupe1.lescigales.org\/index.php?rest_route=\/wp\/v2\/pages\/100\/revisions"}],"predecessor-version":[{"id":117,"href":"https:\/\/gbsgroupe1.lescigales.org\/index.php?rest_route=\/wp\/v2\/pages\/100\/revisions\/117"}],"wp:attachment":[{"href":"https:\/\/gbsgroupe1.lescigales.org\/index.php?rest_route=%2Fwp%2Fv2%2Fmedia&parent=100"}],"curies":[{"name":"wp","href":"https:\/\/api.w.org\/{rel}","templated":true}]}}