{"id":112,"date":"2022-10-03T02:46:53","date_gmt":"2022-10-03T00:46:53","guid":{"rendered":"http:\/\/gbsgroupe1.lescigales.org\/?page_id=112"},"modified":"2022-10-04T03:16:59","modified_gmt":"2022-10-04T01:16:59","slug":"procedures-campus-france","status":"publish","type":"page","link":"https:\/\/gbsgroupe1.lescigales.org\/?page_id=112","title":{"rendered":"Proc\u00e9dures Campus France"},"content":{"rendered":"\n<h2>LA PROC\u00c9DURE SE D\u00c9ROULE EN 8 \u00c9TAPES<\/h2>\n\n\n\n<figure class=\"wp-block-image size-full\"><img loading=\"lazy\" width=\"768\" height=\"430\" src=\"http:\/\/gbsgroupe1.lescigales.org\/wp-content\/uploads\/2022\/09\/Calendrier-CF-2021-2022.jpg\" alt=\"\" class=\"wp-image-23\" srcset=\"https:\/\/gbsgroupe1.lescigales.org\/wp-content\/uploads\/2022\/09\/Calendrier-CF-2021-2022.jpg 768w, https:\/\/gbsgroupe1.lescigales.org\/wp-content\/uploads\/2022\/09\/Calendrier-CF-2021-2022-300x168.jpg 300w\" sizes=\"(max-width: 768px) 100vw, 768px\" \/><\/figure>\n\n\n\n<p><a rel=\"noreferrer noopener\" href=\"https:\/\/www.senegal.campusfrance.org\/system\/files\/medias\/documents\/2020-10\/EXE-Depliant-Calendrier-De-Proce%CC%81dures-OK%20%281%29.pdf\" target=\"_blank\"><\/a><\/p>\n\n\n\n<h2>1. INFORMATIONS ET ORIENTATION<\/h2>\n\n\n\n<p>Quelle formation&nbsp;? Quel \u00e9tablissement&nbsp;? Quel dipl\u00f4me&nbsp;? Quel m\u00e9tier exercer&nbsp;? Comment financer mes \u00e9tudes&nbsp;? O\u00f9 me loger&nbsp;?&nbsp;<\/p>\n\n\n\n<p>Construire un projet d&rsquo;\u00e9tudes personnel c&rsquo;est savoir r\u00e9pondre \u00e0 toutes ces questions:&nbsp;<\/p>\n\n\n\n<p>Pour &nbsp;vous aider \u00e0 mieux pr\u00e9ciser votre projet:<\/p>\n\n\n\n<ul><li>Un site internet\u00a0\u00a0http:\/\/gbsgroupe1.lescigales.org\/\u00a0avec\u00a0:<ul><li>Un moteur de recherche des formations sup\u00e9rieures (en partenariat avec l\u2019ONISEP -36\u00a0000 formations)<\/li><li>Un moteur de recherche de 600 programmes de bourses<\/li><\/ul><\/li><li>Un espace d\u2019accueil, d\u2019information d\u2019accompagnement et de promotion de l\u2019enseignement sup\u00e9rieur fran\u00e7ais \u00e0 Dakar, Saint-Louis, Ziguinchor et Kaolack.<\/li><li>Un outil d\u00e9di\u00e9 \u00e0 l&rsquo;orientation et \u00e0 l&rsquo;information en ligne, o\u00f9 vous pourrez \u00e9changer avec des conseillers. RDV sur\u00a0https:\/\/monespacesn.campusfrance.org\/<\/li><\/ul>\n\n\n\n<h2>INSCRIPTION EN LIGNE<\/h2>\n\n\n\n<p>C\u2019est la phase de cr\u00e9ation de votre compte sur la plateforme \u00ab&nbsp;Etudes en France&nbsp;\u00bb, de la saisie de votre parcours et de votre panier de formations (7 choix au maximum).<\/p>\n\n\n\n<p>-Pour vous aider&nbsp;consulter&nbsp;:<\/p>\n\n\n\n<ul><li>rubriques proc\u00e9dures d&rsquo;inscription sur le site<\/li><li>tutoriels sur la page Youtube\u00a0<\/li><\/ul>\n\n\n\n<h2>3. SOUMISSION ET PAIEMENT<\/h2>\n\n\n\n<p><strong><em>Le formulaire en ligne devra minutieusement \u00eatre rempli puis soumis \u00e0 Campus France.&nbsp;<\/em><\/strong>Vous pouvez l&rsquo;enrichir par vos exp\u00e9riences professionnelles, associatives, sportives.<\/p>\n\n\n\n<p>Les frais de dossier de 75&nbsp;000 FCFA (non remboursables) sont \u00e0 r\u00e9gler \u00e0 une agence de la BICIS&nbsp;sur pr\u00e9sentation de l\u2019autorisation de paiement Campus France envoy\u00e9e au candidat au moment&nbsp; de la soumission du dossier.<\/p>\n\n\n\n<h2>4. ENTRETIEN P\u00c9DAGOGIQUE<\/h2>\n\n\n\n<p>La pr\u00e9sentation du projet d&rsquo;\u00e9tudes \u00e0 Campus France est une \u00e9tape tr\u00e8s importante.<\/p>\n\n\n\n<p>Cet entretien vous donne l&rsquo;opportunit\u00e9 de pr\u00e9senter votre projet personnel et d&rsquo;expliciter vos choix de formations.<\/p>\n\n\n\n<p>Afin d&rsquo;\u00e9clairer la d\u00e9cision des \u00e9tablissements d\u2019enseignements sup\u00e9rieurs fran\u00e7ais, Campus France r\u00e9dige une synth\u00e8se des \u00e9changes qui donne lieu \u00e0 un avis p\u00e9dagogique.<\/p>\n\n\n\n<p><strong>Attention :<\/strong>\u00a0L&rsquo;entretien p\u00e9dagogique n&rsquo;est pas un passage oblig\u00e9, et n&rsquo;influe pas sur l&rsquo;acceptation et sur l&rsquo;obtention du visa.<\/p>\n\n\n\n<figure class=\"wp-block-image size-large\"><img loading=\"lazy\" width=\"1024\" height=\"576\" src=\"http:\/\/gbsgroupe1.lescigales.org\/wp-content\/uploads\/2022\/09\/video-Accueil-1024x576.png\" alt=\"\" class=\"wp-image-24\" srcset=\"https:\/\/gbsgroupe1.lescigales.org\/wp-content\/uploads\/2022\/09\/video-Accueil-1024x576.png 1024w, https:\/\/gbsgroupe1.lescigales.org\/wp-content\/uploads\/2022\/09\/video-Accueil-300x169.png 300w, https:\/\/gbsgroupe1.lescigales.org\/wp-content\/uploads\/2022\/09\/video-Accueil-768x432.png 768w, https:\/\/gbsgroupe1.lescigales.org\/wp-content\/uploads\/2022\/09\/video-Accueil-1536x864.png 1536w, https:\/\/gbsgroupe1.lescigales.org\/wp-content\/uploads\/2022\/09\/video-Accueil.png 1920w\" sizes=\"(max-width: 1024px) 100vw, 1024px\" \/><\/figure>\n\n\n\n<h2>5. VALIDATION ET EDITION DE LA PR\u00c9INSCRIPTION<\/h2>\n\n\n\n<p>\u00b7&nbsp;&nbsp;&nbsp;&nbsp;&nbsp;&nbsp;&nbsp;&nbsp;&nbsp;V\u00e9rifiez les dates de r\u00e9ponses des \u00e9tablissements, et les dates de rentr\u00e9e scolaire.<\/p>\n\n\n\n<p>\u00b7&nbsp;&nbsp;&nbsp;&nbsp;&nbsp;&nbsp;&nbsp;&nbsp;&nbsp;Prenez contact le plus t\u00f4t&nbsp;possible avec les \u00e9tablissements choisis pour le suivi de votre dossier.<\/p>\n\n\n\n<p>\u00b7\u00a0\u00a0\u00a0\u00a0\u00a0\u00a0\u00a0\u00a0\u00a0A la r\u00e9ception d&rsquo;une ou plusieurs r\u00e9ponses, effectuez votre choix d\u00e9finitif et \u00e9ditez votre pr\u00e9inscription.<\/p>\n\n\n\n<h2>6. PR\u00c9PARATION DE VOTRE S\u00c9JOUR EN FRANCE<\/h2>\n\n\n\n<p>Campus France met \u00e0 votre disposition un livret \u00ab\u00a0Mon s\u00e9jour en France\u00a0\u00bb \u00a0qui aborde les points suivants:<\/p>\n\n\n\n<p>\u00b7&nbsp;&nbsp;&nbsp;&nbsp;&nbsp;&nbsp;&nbsp;&nbsp;&nbsp;<strong><em>Formalit\u00e9s \u00e0 l&rsquo;arriv\u00e9e,<\/em><\/strong><\/p>\n\n\n\n<p><strong><em>&nbsp;<\/em><\/strong>\u00b7&nbsp;&nbsp;&nbsp;&nbsp;&nbsp;&nbsp;&nbsp;&nbsp;&nbsp;<strong><em>Installation<\/em><\/strong><\/p>\n\n\n\n<p>\u00b7&nbsp;&nbsp;&nbsp;&nbsp;&nbsp;&nbsp;&nbsp;&nbsp;&nbsp;<strong><em>Vie au quotidien<\/em><\/strong><\/p>\n\n\n\n<p>Il est important de pr\u00e9parer son s\u00e9jour d\u00e9s le d\u00e9but des d\u00e9marches.<\/p>\n\n\n\n<p>Des s\u00e9ances de pr\u00e9paration au d\u00e9part sont organis\u00e9es en juillet et Ao\u00fbt<\/p>\n\n\n\n<h2>7. DEMANDE DE VISA<\/h2>\n\n\n\n<p>Le passage par &nbsp;Campus France est obligatoire pour toute demande de visa \u00e9tudiant, concours et stages d&rsquo;\u00e9tudes de plus de 6 mois.<\/p>\n\n\n\n<p>Le visa \u00e9tudiant vaut titre de s\u00e9jour pour une dur\u00e9e d&rsquo;un an. Le paiement des frais Campus France donne droit \u00e0 un demi-tarif sur le montant du visa \u00e9tudiant, soit 35000 FCFA &nbsp;&nbsp; (Non<strong>&nbsp;remboursables).<\/strong><\/p>\n\n\n\n<h2>8. D\u00c9PART VERS LA VILLE FRAN\u00c7AISE DE DESTINATION<\/h2>\n\n\n\n<p>Pour maximiser vos chances de r\u00e9ussite, Campus France recommande vivement d&rsquo;arriver en France au moins 15 jours avant le d\u00e9but des cours, le temps de:<\/p>\n\n\n\n<ul><li>s&rsquo;installer<\/li><li>s&rsquo;inscrire<\/li><li>rep\u00e9rer le lieu d&rsquo;\u00e9tudes<\/li><\/ul>\n\n\n\n<p>effectuer les formalit\u00e9s de la vie quotidienne (sant\u00e9, assurance, banque, OFII\u2026)<\/p>\n","protected":false},"excerpt":{"rendered":"<p>LA PROC\u00c9DURE SE D\u00c9ROULE EN 8 \u00c9TAPES 1. INFORMATIONS ET ORIENTATION Quelle formation&nbsp;? Quel \u00e9tablissement&nbsp;? Quel dipl\u00f4me&nbsp;? Quel m\u00e9tier exercer&nbsp;? Comment financer mes \u00e9tudes&nbsp;? O\u00f9 me loger&nbsp;?&nbsp; Construire un projet d&rsquo;\u00e9tudes personnel c&rsquo;est savoir r\u00e9pondre \u00e0 toutes ces questions:&nbsp; Pour &nbsp;vous aider \u00e0 mieux pr\u00e9ciser votre projet: Un site internet\u00a0\u00a0http:\/\/gbsgroupe1.lescigales.org\/\u00a0avec\u00a0: Un moteur de recherche des [&hellip;]<\/p>\n","protected":false},"author":1,"featured_media":0,"parent":0,"menu_order":0,"comment_status":"closed","ping_status":"closed","template":"","meta":[],"_links":{"self":[{"href":"https:\/\/gbsgroupe1.lescigales.org\/index.php?rest_route=\/wp\/v2\/pages\/112"}],"collection":[{"href":"https:\/\/gbsgroupe1.lescigales.org\/index.php?rest_route=\/wp\/v2\/pages"}],"about":[{"href":"https:\/\/gbsgroupe1.lescigales.org\/index.php?rest_route=\/wp\/v2\/types\/page"}],"author":[{"embeddable":true,"href":"https:\/\/gbsgroupe1.lescigales.org\/index.php?rest_route=\/wp\/v2\/users\/1"}],"replies":[{"embeddable":true,"href":"https:\/\/gbsgroupe1.lescigales.org\/index.php?rest_route=%2Fwp%2Fv2%2Fcomments&post=112"}],"version-history":[{"count":4,"href":"https:\/\/gbsgroupe1.lescigales.org\/index.php?rest_route=\/wp\/v2\/pages\/112\/revisions"}],"predecessor-version":[{"id":167,"href":"https:\/\/gbsgroupe1.lescigales.org\/index.php?rest_route=\/wp\/v2\/pages\/112\/revisions\/167"}],"wp:attachment":[{"href":"https:\/\/gbsgroupe1.lescigales.org\/index.php?rest_route=%2Fwp%2Fv2%2Fmedia&parent=112"}],"curies":[{"name":"wp","href":"https:\/\/api.w.org\/{rel}","templated":true}]}}