{"id":125,"date":"2022-10-03T23:53:11","date_gmt":"2022-10-03T21:53:11","guid":{"rendered":"http:\/\/gbsgroupe1.lescigales.org\/?page_id=125"},"modified":"2022-10-04T00:06:54","modified_gmt":"2022-10-03T22:06:54","slug":"etudier","status":"publish","type":"page","link":"https:\/\/gbsgroupe1.lescigales.org\/?page_id=125","title":{"rendered":"Etudier"},"content":{"rendered":"\n<p>En France, l\u2019enseignement sup\u00e9rieur offre de nombreuses formations, accessibles aux \u00e9tudiants \u00e9trangers qu\u2019ils parlent fran\u00e7ais ou non. D\u00e9couvrez les lyc\u00e9es, les universit\u00e9s et les grandes \u00e9coles qui leur ouvrent leurs portes.<\/p>\n\n\n\n<h2>UNE OFFRE DE FORMATIONS SUP\u00c9RIEURES DIVERSIFI\u00c9E<\/h2>\n\n\n\n<p>L\u2019enseignement sup\u00e9rieur fran\u00e7ais concerne 2,5 millions d\u2019\u00e9tudiants. 12 % d\u2019entre eux sont \u00e9trangers. Tous profitent d\u2019une offre de formation tr\u00e8s diversifi\u00e9e et poursuivent des \u00e9tudes dans tous les domaines et \u00e0 tous les niveaux.<\/p>\n\n\n\n<p><strong>La France compte plus de 3 500 \u00e9tablissements, publics et priv\u00e9s, d\u2019enseignement sup\u00e9rieur&nbsp;<\/strong>: 72 universit\u00e9s, 25 communaut\u00e9s d\u2019universit\u00e9s et d\u2019\u00e9tablissements, 271 \u00e9coles doctorales, 227 \u00e9coles d\u2019ing\u00e9nieurs habilit\u00e9es \u00e0 d\u00e9livrer le titre d\u2019ing\u00e9nieur, 220 \u00e9coles de commerce et de management, 45 \u00e9coles sup\u00e9rieures d\u2019art publiques, 22 \u00e9coles d\u2019architecture et 3 000 \u00e9coles et instituts priv\u00e9s.<\/p>\n\n\n\n<p><strong>Parmi les 3 000 lyc\u00e9es de France, certains accueillent des classes pr\u00e9paratoires aux grandes \u00e9coles (CPGE)<\/strong>, d\u2019autres des sections de techniciens sup\u00e9rieurs (STS) ou pr\u00e9parent au dipl\u00f4me national du Brevet de technicien sup\u00e9rieur (BTS).<\/p>\n\n\n\n<p>Plus de&nbsp;<strong>1 200 formations sont donn\u00e9es en langue anglaise<\/strong>. Retrouvez-les sur le catalogue&nbsp;<a href=\"http:\/\/taughtie.campusfrance.org\/tiesearch\/#\/catalog\" target=\"_blank\" rel=\"noreferrer noopener\">Programs taught in English<\/a>.<strong>&nbsp;Des programmes courts m\u00ealant apprentissage de la langue fran\u00e7aise et s\u00e9jours culturels sont aussi propos\u00e9s aux \u00e9tudiants \u00e9trangers.<\/strong>&nbsp;Ils sont d\u00e9taill\u00e9s dans le catalogue des&nbsp;<a href=\"http:\/\/ecolesdete.campusfrance.org\/#\/main\" target=\"_blank\" rel=\"noreferrer noopener\">programmes courts<\/a>&nbsp;et sur notre application&nbsp;<a href=\"https:\/\/play.google.com\/store\/apps\/details?id=org.campusfrance.immersionfrance&amp;hl=fr\" target=\"_blank\" rel=\"noreferrer noopener\">Immersion France<\/a>.<\/p>\n\n\n\n<p>Les MOOC en fran\u00e7ais sont de plus en plus nombreux.&nbsp;<strong>Derri\u00e8re l\u2019abr\u00e9viation FUN, pour&nbsp;<\/strong><a href=\"http:\/\/www.fun-mooc.fr\/\" target=\"_blank\" rel=\"noreferrer noopener\"><strong>France Universit\u00e9 Num\u00e9rique<\/strong><\/a><strong>,<\/strong><strong>&nbsp;se cache la premi\u00e8re plateforme fran\u00e7aise de cours en ligne.<\/strong>&nbsp;Elle d\u00e9livre pr\u00e8s de 300 cours qui \u00e9manent de plus de 80 \u00e9tablissements, et compte pr\u00e8s d\u2019un million d\u2019inscrits.<\/p>\n\n\n\n<p>Image<\/p>\n\n\n\n<figure class=\"wp-block-image\"><img src=\"https:\/\/www.campusfrance.org\/sites\/default\/files\/styles\/mobile_rte_moyen\/public\/medias\/images\/2017-10\/fonctionnement%20enseignement%20sup%C3%A9rieur%20%28corps%20du%20texte%29.jpg?itok=z9xakJMK\" alt=\"\u00e9tudiants universit\u00e9 salle de cours\" title=\"Etudiants dans une salle de cours \u00e0 l'universit\u00e9\"\/><\/figure>\n\n\n\n<p>Etudiants dans une salle de cours \u00e0 l&rsquo;universit\u00e9<\/p>\n\n\n\n<p>\u00a9 kasto &#8211; stock.adobe.com<\/p>\n\n\n\n<h2>UN CALENDRIER UNIVERSITAIRE RESSERR\u00c9<\/h2>\n\n\n\n<p><strong>En France,<\/strong>&nbsp;<strong>l&rsquo;ann\u00e9e universitaire commence au mois de septembre ou d&rsquo;octobre<\/strong>&nbsp;selon les \u00e9tablissements et les formations. Elle est rythm\u00e9e par des vacances, avec notamment deux semaines au moment des f\u00eates de fin d&rsquo;ann\u00e9e. \u00c0 la fin du premier semestre, une courte p\u00e9riode d\u2019interruption des cours permet la tenue des examens. Les vacances d&rsquo;\u00e9t\u00e9 d\u00e9butent en mai ou en juin \u00e0 la fin des \u00e9valuations du second semestre. En g\u00e9n\u00e9ral, elles durent au moins deux mois.<\/p>\n\n\n\n<h2>FORMATS DE COURS DANS L\u2019ENSEIGNEMENT SUP\u00c9RIEUR EN FRANCE<\/h2>\n\n\n\n<p>Au sein des universit\u00e9s fran\u00e7aises,&nbsp;<strong>les enseignants et chercheurs dispensent deux types de cours aux \u00e9tudiants<\/strong>&nbsp;:<\/p>\n\n\n\n<p><strong>&#8211; les cours magistraux :<\/strong>&nbsp;un professeur expose son cours aux \u00e9tudiants dans un amphith\u00e9\u00e2tre de 100 \u00e0 plus de 1 000 places Ces cours non obligatoires sont souvent \u00e9dit\u00e9s par les enseignants et distribu\u00e9s aux \u00e9tudiants sous forme de brochures, tr\u00e8s utiles pour la pr\u00e9paration des \u00e9preuves de fin de semestre ;<\/p>\n\n\n\n<p><strong>&#8211; les travaux dirig\u00e9s (TD) et les travaux pratiques (TP)&nbsp;<\/strong>: ces cours obligatoires se tiennent en groupes plus restreints et compl\u00e8tent les cours magistraux par la mise en pratique et l&rsquo;approfondissement des connaissances th\u00e9oriques. Des stages en entreprise peuvent s\u2019ajouter aux TP et aux TD.<\/p>\n\n\n\n<p>BIENVENUE DANS LES \u00c9TABLISSEMENTS FRAN\u00c7AIS<\/p>\n\n\n\n<h2>LE CONTR\u00d4LE DES CONNAISSANCES UNIVERSITAIRES<\/h2>\n\n\n\n<p>Deux types de contr\u00f4le des connaissances coexistent dans l&rsquo;enseignement sup\u00e9rieur fran\u00e7ais.<strong>&nbsp;Le contr\u00f4le continu permet de valider les acquis tout au long de l\u2019ann\u00e9e<\/strong>&nbsp;avec des \u00e9valuations r\u00e9guli\u00e8res dans chaque mati\u00e8re enseign\u00e9e.&nbsp;<strong>Les examens finaux ont lieu durant deux p\u00e9riodes dans l\u2019ann\u00e9e<\/strong>, \u00e0 la fin de chaque semestre, et concernent l\u2019ensemble des mati\u00e8res.<\/p>\n\n\n\n<h2>NIVEAU DE FRAN\u00c7AIS REQUIS POUR LES \u00c9TUDIANTS \u00c9TRANGERS<\/h2>\n\n\n\n<p>Si vous suivez une formation d\u00e9livr\u00e9e en langue anglaise, la ma\u00eetrise du fran\u00e7ais n\u2019est pas requise. Toutefois, l\u2019\u00e9tablissement concern\u00e9 pourra tester votre niveau d\u2019anglais.<\/p>\n\n\n\n<p>En revanche, si vous suivez des cours en langue fran\u00e7aise, sachez que&nbsp;<strong>les \u00e9tudiants \u00e9trangers doivent pr\u00e9senter un document attestant de leur niveau en fran\u00e7ais<\/strong>. Vous pouvez l\u2019obtenir en passant&nbsp;<a>un examen ou un test officiel de fran\u00e7ais<\/a>, comme le DELF, le DALF, le TCF ou le TEF. La r\u00e9f\u00e9rence commune est celle du Cadre europ\u00e9en commun de r\u00e9f\u00e9rence pour les langues (CECRL). Les \u00e9tudiants \u00e9trangers qui ont obtenu un bac fran\u00e7ais dans un \u00e9tablissement de l\u2019AEFE-Agence pour l\u2019Enseignement du Fran\u00e7ais \u00e0 l\u2019Etranger en sont dispens\u00e9s.<\/p>\n\n\n\n<p><strong>Le niveau B1 ou B2 est souhaitable pour des \u00e9tudes au niveau licence et master<\/strong>, et plus particuli\u00e8rement dans les fili\u00e8res de sciences humaines et sociales. Le niveau B2 est exig\u00e9 pour une entr\u00e9e en 1re ann\u00e9e dans le cadre de la DAP (demande d\u2019admission pr\u00e9alable). Certains \u00e9tablissements sup\u00e9rieurs fran\u00e7ais peuvent exiger un niveau sup\u00e9rieur, C1 ou C2, pour des formations sp\u00e9cifiques.<\/p>\n","protected":false},"excerpt":{"rendered":"<p>En France, l\u2019enseignement sup\u00e9rieur offre de nombreuses formations, accessibles aux \u00e9tudiants \u00e9trangers qu\u2019ils parlent fran\u00e7ais ou non. D\u00e9couvrez les lyc\u00e9es, les universit\u00e9s et les grandes \u00e9coles qui leur ouvrent leurs portes. UNE OFFRE DE FORMATIONS SUP\u00c9RIEURES DIVERSIFI\u00c9E L\u2019enseignement sup\u00e9rieur fran\u00e7ais concerne 2,5 millions d\u2019\u00e9tudiants. 12 % d\u2019entre eux sont \u00e9trangers. Tous profitent d\u2019une offre de [&hellip;]<\/p>\n","protected":false},"author":1,"featured_media":0,"parent":0,"menu_order":0,"comment_status":"closed","ping_status":"closed","template":"","meta":[],"_links":{"self":[{"href":"https:\/\/gbsgroupe1.lescigales.org\/index.php?rest_route=\/wp\/v2\/pages\/125"}],"collection":[{"href":"https:\/\/gbsgroupe1.lescigales.org\/index.php?rest_route=\/wp\/v2\/pages"}],"about":[{"href":"https:\/\/gbsgroupe1.lescigales.org\/index.php?rest_route=\/wp\/v2\/types\/page"}],"author":[{"embeddable":true,"href":"https:\/\/gbsgroupe1.lescigales.org\/index.php?rest_route=\/wp\/v2\/users\/1"}],"replies":[{"embeddable":true,"href":"https:\/\/gbsgroupe1.lescigales.org\/index.php?rest_route=%2Fwp%2Fv2%2Fcomments&post=125"}],"version-history":[{"count":2,"href":"https:\/\/gbsgroupe1.lescigales.org\/index.php?rest_route=\/wp\/v2\/pages\/125\/revisions"}],"predecessor-version":[{"id":141,"href":"https:\/\/gbsgroupe1.lescigales.org\/index.php?rest_route=\/wp\/v2\/pages\/125\/revisions\/141"}],"wp:attachment":[{"href":"https:\/\/gbsgroupe1.lescigales.org\/index.php?rest_route=%2Fwp%2Fv2%2Fmedia&parent=125"}],"curies":[{"name":"wp","href":"https:\/\/api.w.org\/{rel}","templated":true}]}}