{"id":129,"date":"2022-10-03T23:54:42","date_gmt":"2022-10-03T21:54:42","guid":{"rendered":"http:\/\/gbsgroupe1.lescigales.org\/?page_id=129"},"modified":"2022-10-04T03:18:53","modified_gmt":"2022-10-04T01:18:53","slug":"bienvenu-a-france","status":"publish","type":"page","link":"https:\/\/gbsgroupe1.lescigales.org\/?page_id=129","title":{"rendered":"Bienvenu a France"},"content":{"rendered":"\n<p>Vous avez choisi de faire votre s\u00e9jour universitaire en France. Vous n\u2019imaginez pas tout ce qui vous attend : apprendre le fran\u00e7ais, d\u00e9couvrir une nouvelle culture, rencontrer des \u00e9tudiants internationaux etc. Ce s\u00e9jour va \u00eatre une v\u00e9ritable aventure.<\/p>\n\n\n\n<h2>UN S\u00c9JOUR EN FRANCE, \u00c7A NE S\u2019OUBLIE PAS<\/h2>\n\n\n\n<p><strong>En faisant votre s\u00e9jour universitaire en France, vous aurez l\u2019occasion de d\u00e9couvrir une soci\u00e9t\u00e9 multiculturelle<\/strong>\u00a0et ouverte, fi\u00e8re de son histoire et qui mise sur l\u2019avenir. Nous serons heureux de partager avec vous\u00a0l\u2019art de vivre \u00e0 la fran\u00e7aise\u00a0\u00a0c\u00e9l\u00e9br\u00e9 dans le monde entier. Amoureux du th\u00e9\u00e2tre, passionn\u00e9 de musique ou gourmet gourmand, personne n\u2019est d\u00e9\u00e7u du voyage : en France, il y en a pour tous les go\u00fbts.<\/p>\n\n\n\n<h2>LA VIE \u00c9TUDIANTE EN FRANCE EST FAITE DE RENCONTRES<\/h2>\n\n\n\n<p>Dans votre universit\u00e9 d\u2019accueil, les \u00e9tudiants fran\u00e7ais et venus du monde entier ainsi que les enseignants et le personnel des \u00e9tablissements rendront votre s\u00e9jour inoubliable.&nbsp;<strong>Vous allez d\u00e9couvrir tous les avantages d\u2019avoir choisi la France pour votre s\u00e9jour universitaire.<\/strong>&nbsp;La vie des \u00e9tudiants est facilit\u00e9e par les diff\u00e9rents services que proposent les universit\u00e9s fran\u00e7aises.<\/p>\n\n\n\n<p><strong>Pour votre future vie professionnelle, ce s\u00e9jour universitaire en France est un atout.<\/strong>&nbsp;Vous repartirez avec des connaissances essentielles, valid\u00e9es par des dipl\u00f4mes reconnus internationalement.<\/p>\n\n\n\n<figure class=\"wp-block-image size-large\"><img loading=\"lazy\" width=\"1024\" height=\"576\" src=\"http:\/\/gbsgroupe1.lescigales.org\/wp-content\/uploads\/2022\/09\/visuel-principal-PLATEFORME-1024x576.png\" alt=\"\" class=\"wp-image-22\" srcset=\"https:\/\/gbsgroupe1.lescigales.org\/wp-content\/uploads\/2022\/09\/visuel-principal-PLATEFORME-1024x576.png 1024w, https:\/\/gbsgroupe1.lescigales.org\/wp-content\/uploads\/2022\/09\/visuel-principal-PLATEFORME-300x169.png 300w, https:\/\/gbsgroupe1.lescigales.org\/wp-content\/uploads\/2022\/09\/visuel-principal-PLATEFORME-768x432.png 768w, https:\/\/gbsgroupe1.lescigales.org\/wp-content\/uploads\/2022\/09\/visuel-principal-PLATEFORME-1536x864.png 1536w, https:\/\/gbsgroupe1.lescigales.org\/wp-content\/uploads\/2022\/09\/visuel-principal-PLATEFORME.png 1920w\" sizes=\"(max-width: 1024px) 100vw, 1024px\" \/><\/figure>\n\n\n\n<h2>UN PAYS \u00c0 D\u00c9COUVRIR AU COURS DU S\u00c9JOUR<\/h2>\n\n\n\n<p>En dehors des salles de classe, une aventure personnelle extraordinaire vous attend.\u00a0<strong>Venir \u00e9tudier en France, ce n\u2019est pas simplement faire un s\u00e9jour universitaire<\/strong>. En France, vous pouvez vous baigner dans trois mers et trois oc\u00e9ans, explorer les quatre continents et randonner sur cinq massifs montagneux europ\u00e9ens. Sans compter les quarante-deux sites inscrits au patrimoine mondial de l\u2019UNESCO.\u00a0Tout cela au c\u0153ur d\u2019un continent ouvert o\u00f9 il est facile de voyager.\u00a0<br>\u00a0<\/p>\n\n\n\n<figure class=\"wp-block-image size-full is-resized\"><img loading=\"lazy\" src=\"http:\/\/gbsgroupe1.lescigales.org\/wp-content\/uploads\/2022\/10\/Differents-types-detablissements_corps-du-texte-1.jpg\" alt=\"\" class=\"wp-image-139\" width=\"679\" height=\"452\" title=\"d\u00e9couvrez la france\" srcset=\"https:\/\/gbsgroupe1.lescigales.org\/wp-content\/uploads\/2022\/10\/Differents-types-detablissements_corps-du-texte-1.jpg 400w, https:\/\/gbsgroupe1.lescigales.org\/wp-content\/uploads\/2022\/10\/Differents-types-detablissements_corps-du-texte-1-300x200.jpg 300w\" sizes=\"(max-width: 679px) 100vw, 679px\" \/><\/figure>\n\n\n\n<p>d\u00e9couvrez la France<\/p>\n\n\n\n<p>\u00a9 Radu Razvan Gheorghe &#8211; stock.adobe.com<\/p>\n\n\n\n<p><strong>De votre s\u00e9jour universitaire en France, vous ram\u00e8nerez des souvenirs inoubliables<\/strong>\u00a0en ayant gagn\u00e9 des amis pour la vie et vous ferez partie de la\u00a0grande communaut\u00e9 des alumni fran\u00e7ais\u00a0.<\/p>\n","protected":false},"excerpt":{"rendered":"<p>Vous avez choisi de faire votre s\u00e9jour universitaire en France. Vous n\u2019imaginez pas tout ce qui vous attend : apprendre le fran\u00e7ais, d\u00e9couvrir une nouvelle culture, rencontrer des \u00e9tudiants internationaux etc. Ce s\u00e9jour va \u00eatre une v\u00e9ritable aventure. UN S\u00c9JOUR EN FRANCE, \u00c7A NE S\u2019OUBLIE PAS En faisant votre s\u00e9jour universitaire en France, vous aurez [&hellip;]<\/p>\n","protected":false},"author":1,"featured_media":0,"parent":0,"menu_order":0,"comment_status":"closed","ping_status":"closed","template":"","meta":[],"_links":{"self":[{"href":"https:\/\/gbsgroupe1.lescigales.org\/index.php?rest_route=\/wp\/v2\/pages\/129"}],"collection":[{"href":"https:\/\/gbsgroupe1.lescigales.org\/index.php?rest_route=\/wp\/v2\/pages"}],"about":[{"href":"https:\/\/gbsgroupe1.lescigales.org\/index.php?rest_route=\/wp\/v2\/types\/page"}],"author":[{"embeddable":true,"href":"https:\/\/gbsgroupe1.lescigales.org\/index.php?rest_route=\/wp\/v2\/users\/1"}],"replies":[{"embeddable":true,"href":"https:\/\/gbsgroupe1.lescigales.org\/index.php?rest_route=%2Fwp%2Fv2%2Fcomments&post=129"}],"version-history":[{"count":3,"href":"https:\/\/gbsgroupe1.lescigales.org\/index.php?rest_route=\/wp\/v2\/pages\/129\/revisions"}],"predecessor-version":[{"id":168,"href":"https:\/\/gbsgroupe1.lescigales.org\/index.php?rest_route=\/wp\/v2\/pages\/129\/revisions\/168"}],"wp:attachment":[{"href":"https:\/\/gbsgroupe1.lescigales.org\/index.php?rest_route=%2Fwp%2Fv2%2Fmedia&parent=129"}],"curies":[{"name":"wp","href":"https:\/\/api.w.org\/{rel}","templated":true}]}}