{"id":132,"date":"2022-10-03T23:55:18","date_gmt":"2022-10-03T21:55:18","guid":{"rendered":"http:\/\/gbsgroupe1.lescigales.org\/?page_id=132"},"modified":"2022-10-04T00:19:47","modified_gmt":"2022-10-03T22:19:47","slug":"sorganiser","status":"publish","type":"page","link":"https:\/\/gbsgroupe1.lescigales.org\/?page_id=132","title":{"rendered":"S&rsquo;organiser"},"content":{"rendered":"\n<p>Les \u00e9tudiants admis dans un \u00e9tablissement d&rsquo;enseignement sup\u00e9rieur fran\u00e7ais&nbsp;sont concern\u00e9s par la Contribution Vie \u00e9tudiante et de Campus (CVEC). On vous dit tout sur cette&nbsp;d\u00e9marche.&nbsp;<\/p>\n\n\n\n<h3>1. C&rsquo;est l&rsquo;admission dans un \u00e9tablissement d&rsquo;enseignement sup\u00e9rieur qui d\u00e9termine si vous \u00eates concern\u00e9s par la CVEC&nbsp;<\/h3>\n\n\n\n<p>La contribution Vie \u00e9tudiante et de Campus&nbsp;concerne les \u00e9tudiants,&nbsp;<strong>fran\u00e7ais et \u00e9trangers<\/strong>, qui vont suivre une&nbsp;<strong>formation initiale dans un \u00e9tablissement d&rsquo;enseignement sup\u00e9rieur<\/strong>, qu&rsquo;il soit&nbsp;<strong>public ou priv\u00e9<\/strong>.<br>Cela inclut : les \u00e9tudiants qui vont suivre une&nbsp;<strong>Classe Pr\u00e9paratoire aux Grandes Ecoles (CPGE),&nbsp;<\/strong>au titre de leur inscription \u00e0 l&rsquo;universit\u00e9 ; les \u00e9tudiants en&nbsp;<strong>double dipl\u00f4me<\/strong>&nbsp;et les \u00e9tudiants en&nbsp;<strong>apprentissage<\/strong>.&nbsp;<\/p>\n\n\n\n<p><em>Ne sont pas concern\u00e9s par la CVEC :<\/em><\/p>\n\n\n\n<ul><li><em>les \u00e9tudiants qui vont suivre un&nbsp;<strong>Brevet de Technicien Sup\u00e9rieur (BTS)<\/strong>, un&nbsp;<strong>Dipl\u00f4me des M\u00e9tiers d&rsquo;Art (DMA)<\/strong>&nbsp;ou une&nbsp;<strong>formation comptable<\/strong>&nbsp;dans un<strong>&nbsp;lyc\u00e9e<\/strong>,<\/em><\/li><li><em>les \u00e9tudiants inscrits en&nbsp;<strong>formation continue<\/strong>&nbsp;dont le co\u00fbt&nbsp;est pris&nbsp;en charge par un employeur,<\/em><\/li><li><em>les&nbsp;<strong>\u00e9tudiants en \u00e9change dans le cadre d&rsquo;une convention<\/strong>&nbsp;entre leur \u00e9tablissement d&rsquo;origine \u00e0 l&rsquo;\u00e9tranger et leur \u00e9tablissement d&rsquo;accueil en France. Ils ne sont pas inscrits administrativement en France.&nbsp;<\/em><\/li><\/ul>\n\n\n\n<h3>2. On peut \u00eatre dispens\u00e9 du paiement de la CVEC selon sa situation<\/h3>\n\n\n\n<p>Certains \u00e9tudiants n&rsquo;ont pas \u00e0 payer&nbsp;la contribution Vie Etudiante et de Campus. Il s&rsquo;agit :<\/p>\n\n\n\n<ul><li>des<strong>&nbsp;boursiers sur crit\u00e8res sociaux<\/strong>&nbsp;g\u00e9r\u00e9s par les CROUS (boursiers des minist\u00e8res de l&rsquo;enseignement sup\u00e9rieur, de la culture ou de l&rsquo;agriculture),&nbsp;des&nbsp;<strong>boursiers du gouvernement fran\u00e7ais<\/strong>&nbsp;(boursiers du minist\u00e8re des affaires \u00e9trang\u00e8res)&nbsp;et des&nbsp;<strong>boursiers financ\u00e9s par les r\u00e9gions<\/strong>&nbsp;pour des formations param\u00e9dicales, sanitaires et sociales,<\/li><li>des<strong>&nbsp;\u00e9tudiants r\u00e9fugi\u00e9s<\/strong>, des \u00e9tudiants&nbsp;<strong>b\u00e9n\u00e9ficiaires de la protection subsidiaire<\/strong>&nbsp;et des \u00e9tudiants enregistr\u00e9s en qualit\u00e9 de&nbsp;<strong>demandeurs d&rsquo;asile<\/strong>.&nbsp;<\/li><\/ul>\n\n\n\n<p><em>Ne sont pas exon\u00e9r\u00e9s de la&nbsp;CVEC :<\/em><\/p>\n\n\n\n<ul><li><em>les boursiers d&rsquo;un gouvernement \u00e9tranger (BGE)<\/em><\/li><li><em>les boursiers d&rsquo;une structure priv\u00e9e (fondation par exemple).&nbsp;<\/em><\/li><\/ul>\n\n\n\n<h3>3. La CVEC se paye en ligne ou en esp\u00e8ces<\/h3>\n\n\n\n<ul><li><strong>en ligne&nbsp;<\/strong>:<ol><li>S&rsquo;inscrire d&rsquo;abord sur le site&nbsp;<strong><a href=\"https:\/\/www.messervices.etudiant.gouv.fr\/envole\/\" target=\"_blank\" rel=\"noreferrer noopener\">messervices.etudiant.gouv.fr<\/a><\/strong><\/li><li>Se connecter ensuite&nbsp;au site d\u00e9di\u00e9&nbsp;<strong><a href=\"https:\/\/cvec.etudiant.gouv.fr\/\" target=\"_blank\" rel=\"noreferrer noopener\">cvec.etudiant.gouv.fr<\/a><\/strong><\/li><li>D\u00e9clarer sa ville d&rsquo;\u00e9tudes<\/li><li>Payer la CVEC avec sa&nbsp;<strong>carte bancaire.&nbsp;<\/strong>Vous pouvez \u00e9galement demander \u00e0 une autre personne de payer pour vous avec sa carte bancaire. Le paiement en ligne requiert le syst\u00e8me de s\u00e9curit\u00e9 3D secure, disponible sur les cartes \u00ab\u00a0CB\u00a0\u00bb Visa et MasterCard.<\/li><li>T\u00e9l\u00e9charger une<strong>&nbsp;attestation de paiement,&nbsp;<\/strong>\u00e0 garder pr\u00e9cieusement pour&nbsp;<strong>la donner au moment de votre inscription.<\/strong><\/li><\/ol><\/li><li>en&nbsp;<strong>esp\u00e8ces<\/strong>&nbsp;dans un bureau de poste :&nbsp;<ol><li>S&rsquo;inscrire d&rsquo;abord sur le site&nbsp;<strong><a href=\"https:\/\/www.messervices.etudiant.gouv.fr\/envole\/\" target=\"_blank\" rel=\"noreferrer noopener\">messervices.etudiant.gouv.fr<\/a><\/strong><\/li><li>Se connecter ensuite&nbsp;au site d\u00e9di\u00e9&nbsp;<strong><a href=\"https:\/\/cvec.etudiant.gouv.fr\/\" target=\"_blank\" rel=\"noreferrer noopener\">cvec.etudiant.gouv.fr<\/a><\/strong><\/li><li>T\u00e9l\u00e9charger un&nbsp;<strong>avis de paiement<\/strong><\/li><li><strong>Payer<\/strong>&nbsp;en esp\u00e8ces dans un bureau de poste<\/li><li>Attendre de recevoir, sous deux jours ouvr\u00e9s,&nbsp;<strong>un e-mail avec une attestation de paiement \u00e0 t\u00e9l\u00e9charger<\/strong>&nbsp;et&nbsp;\u00e0 garder pr\u00e9cieusement pour<strong>&nbsp;la donner au moment de votre inscription.&nbsp;<\/strong><\/li><\/ol><\/li><\/ul>\n\n\n\n<h3>4. M\u00eame dispens\u00e9 du&nbsp;paiement de la CVEC, il faut se connecter au site cvec.etudiant.gouv.fr<\/h3>\n\n\n\n<p>Si vous faites partie des cat\u00e9gories d&rsquo;\u00e9tudiants qui sont dispens\u00e9s du paiement de la CVEC, vous devez quand m\u00eame vous inscrire sur le site&nbsp;<a href=\"https:\/\/www.messervices.etudiant.gouv.fr\/envole\/\" target=\"_blank\" rel=\"noreferrer noopener\"><strong>messervices.etudiant.gouv.fr<\/strong><\/a>&nbsp;et ensuite vous connecter au site d\u00e9di\u00e9&nbsp;<strong><a href=\"https:\/\/cvec.etudiant.gouv.fr\/\" target=\"_blank\" rel=\"noreferrer noopener\">cvec.etudiant.gouv.fr<\/a>.&nbsp;<\/strong>Vous pourrez t\u00e9l\u00e9charger une&nbsp;<strong>attestation d&rsquo;exon\u00e9ration,&nbsp;<\/strong>\u00e0 garder pr\u00e9cieusement pour<strong>&nbsp;la donner au moment votre inscription.&nbsp;<\/strong><\/p>\n\n\n\n<h3>5. Tout doit \u00eatre fait avant de s&rsquo;inscrire administrativement dans votre \u00e9tablissement&nbsp;<\/h3>\n\n\n\n<p>Vous devez imp\u00e9rativement avoir re\u00e7u votre&nbsp;<strong>attestation de paiement<\/strong>&nbsp;ou votre&nbsp;<strong>attestation d&rsquo;exon\u00e9ration&nbsp;<\/strong><strong><u>avant votre inscription administrative<\/u>&nbsp;dans votre \u00e9tablissement<\/strong>. Vous pouvez donc le faire&nbsp;<strong>en ligne, m\u00eame avant de partir en France<\/strong>. Ces documents sont n\u00e9cessaires pour finaliser votre inscription.&nbsp;<\/p>\n\n\n\n<h3>6. La CVEC co\u00fbte 95 euros<\/h3>\n\n\n\n<p>Le montant de la CVEC est de&nbsp;<strong>95 euros pour l&rsquo;ann\u00e9e 2022\/23<\/strong>.&nbsp;<\/p>\n\n\n\n<h3>7. La CVEC ne se paye qu&rsquo;une seule fois par an<\/h3>\n\n\n\n<p>La CVEC ne se paye qu&rsquo;<strong>une seule fois par an<\/strong>, m\u00eame si vous \u00eates inscrit&nbsp;dans plusieurs formations pour la m\u00eame ann\u00e9e universitaire.<\/p>\n\n\n\n<h3>8. On peut se faire rembourser le montant de la&nbsp;CVEC&nbsp;<\/h3>\n\n\n\n<p>Vous pouvez&nbsp;<strong>obtenir le remboursement<\/strong>&nbsp;du montant de la CVEC si, par exemple,&nbsp;<strong>votre situation change en cours d&rsquo;ann\u00e9e<\/strong>&nbsp;et que vous devenez un \u00e9tudiant exon\u00e9r\u00e9 de son paiement. Il suffit de&nbsp;<strong>faire une demande&nbsp;de remboursement aupr\u00e8s du CROUS<\/strong>&nbsp;<strong>avant le 31 mai&nbsp;<\/strong>de l&rsquo;ann\u00e9e universitaire en cours.&nbsp;<\/p>\n\n\n\n<h3>9. La CVEC sert \u00e0 am\u00e9liorer la vie des \u00e9tudiants<\/h3>\n\n\n\n<p>La mise en place de la Contribution Vie \u00e9tudiante et de Campus a \u00e9t\u00e9 d\u00e9cid\u00e9e en mars 2018 dans le cadre de la&nbsp;<strong>loi \u00ab\u00a0Orientation et R\u00e9ussite des \u00e9tudiants\u00a0\u00bb<\/strong>. Elle doit permettre de mieux accueillir les \u00e9tudiants et de leur proposer un&nbsp;accompagnement&nbsp;social, sanitaire, culturel&nbsp;et sportif au cours de leurs \u00e9tudes.&nbsp;<br><strong>La CVEC servira \u00e0 financer des actions dont les premiers b\u00e9n\u00e9ficiaires seront les \u00e9tudiants.<\/strong>&nbsp;Ces actions prendront diff\u00e9rentes formes : acc\u00e8s aux soins, accompagnement social, pratique du sport, acc\u00e8s aux arts et \u00e0 la culture, am\u00e9lioration des conditions d&rsquo;accueil.&nbsp;<\/p>\n\n\n\n<blockquote class=\"wp-block-quote\"><p>La Contribution Vie Etudiante et de Campus n&rsquo;a pas de lien avec les&nbsp;<a href=\"https:\/\/www.campusfrance.org\/fr\/sante-securite-sociale-etudiants\"><strong>formalit\u00e9s li\u00e9es \u00e0 la s\u00e9curit\u00e9 sociale<\/strong><\/a>. Ce sont deux d\u00e9marches diff\u00e9rentes.&nbsp;<\/p><\/blockquote>\n\n\n\n<h3>10. Des informations disponibles en anglais<\/h3>\n\n\n\n<p>Les site&nbsp;<a href=\"https:\/\/www.messervices.etudiant.gouv.fr\/envole\/\" target=\"_blank\" rel=\"noreferrer noopener\"><strong>messervices.etudiant.gouv.fr<\/strong><\/a>&nbsp;et&nbsp;<a href=\"https:\/\/cvec.etudiant.gouv.fr\/\" target=\"_blank\" rel=\"noreferrer noopener\"><strong>cvec.etudiant.gouv.fr<\/strong><\/a>&nbsp; sont&nbsp;disponibles en fran\u00e7ais et en anglais.&nbsp;<\/p>\n","protected":false},"excerpt":{"rendered":"<p>Les \u00e9tudiants admis dans un \u00e9tablissement d&rsquo;enseignement sup\u00e9rieur fran\u00e7ais&nbsp;sont concern\u00e9s par la Contribution Vie \u00e9tudiante et de Campus (CVEC). On vous dit tout sur cette&nbsp;d\u00e9marche.&nbsp; 1. C&rsquo;est l&rsquo;admission dans un \u00e9tablissement d&rsquo;enseignement sup\u00e9rieur qui d\u00e9termine si vous \u00eates concern\u00e9s par la CVEC&nbsp; La contribution Vie \u00e9tudiante et de Campus&nbsp;concerne les \u00e9tudiants,&nbsp;fran\u00e7ais et \u00e9trangers, qui vont [&hellip;]<\/p>\n","protected":false},"author":1,"featured_media":0,"parent":0,"menu_order":0,"comment_status":"closed","ping_status":"closed","template":"","meta":[],"_links":{"self":[{"href":"https:\/\/gbsgroupe1.lescigales.org\/index.php?rest_route=\/wp\/v2\/pages\/132"}],"collection":[{"href":"https:\/\/gbsgroupe1.lescigales.org\/index.php?rest_route=\/wp\/v2\/pages"}],"about":[{"href":"https:\/\/gbsgroupe1.lescigales.org\/index.php?rest_route=\/wp\/v2\/types\/page"}],"author":[{"embeddable":true,"href":"https:\/\/gbsgroupe1.lescigales.org\/index.php?rest_route=\/wp\/v2\/users\/1"}],"replies":[{"embeddable":true,"href":"https:\/\/gbsgroupe1.lescigales.org\/index.php?rest_route=%2Fwp%2Fv2%2Fcomments&post=132"}],"version-history":[{"count":2,"href":"https:\/\/gbsgroupe1.lescigales.org\/index.php?rest_route=\/wp\/v2\/pages\/132\/revisions"}],"predecessor-version":[{"id":144,"href":"https:\/\/gbsgroupe1.lescigales.org\/index.php?rest_route=\/wp\/v2\/pages\/132\/revisions\/144"}],"wp:attachment":[{"href":"https:\/\/gbsgroupe1.lescigales.org\/index.php?rest_route=%2Fwp%2Fv2%2Fmedia&parent=132"}],"curies":[{"name":"wp","href":"https:\/\/api.w.org\/{rel}","templated":true}]}}