{"id":14,"date":"2022-09-30T06:31:48","date_gmt":"2022-09-30T04:31:48","guid":{"rendered":"http:\/\/gbsgroupe1.lescigales.org\/?page_id=14"},"modified":"2022-10-03T03:17:26","modified_gmt":"2022-10-03T01:17:26","slug":"a-propos","status":"publish","type":"page","link":"https:\/\/gbsgroupe1.lescigales.org\/?page_id=14","title":{"rendered":"A propos"},"content":{"rendered":"\n<p><strong><em>  GBS groupe est un service de l&rsquo;Ambassade de France au S\u00e9n\u00e9gal d\u00e9di\u00e9 aux \u00e9tudiants&nbsp;s\u00e9n\u00e9galais et&nbsp;\u00e9trangers (Hors Union Europ\u00e9enne) r\u00e9sidant&nbsp;au S\u00e9n\u00e9gal et d\u00e9sireux de&nbsp;poursuivre leurs \u00e9tudes sup\u00e9rieures en France.<\/em><\/strong><\/p>\n\n\n\n<p>Notre mission principale est de faciliter la mobilit\u00e9 des \u00e9tudiants de la construction du projet d&rsquo;\u00e9tude \u00e0 la demande de vis<\/p>\n\n\n\n<h2>ACCUEIL ET INFORMATIONS<\/h2>\n\n\n\n<p>L&rsquo;Espace GBS groupe informe les \u00e9tudiants sur les \u00e9tudes en France ,propose des&nbsp;conseils, de l&rsquo;aide \u00e0 l&rsquo;orientation, la constitution du dossier et le&nbsp;suivi des proc\u00e9dures de pr\u00e9inscription,&nbsp;<\/p>\n\n\n\n<h2>ORIENTATION ET ACCOMPAGNEMENT<\/h2>\n\n\n\n<p>L\u2019Espace GBS groupe se veut un service d&rsquo;orientation et d\u2019accompagnement&nbsp;&nbsp;sur les \u00e9tudes en France et aide ainsi les \u00e9tudiants \u00e0 d\u00e9finir leur projet et construire un parcours de r\u00e9ussite.<\/p>\n","protected":false},"excerpt":{"rendered":"<p>GBS groupe est un service de l&rsquo;Ambassade de France au S\u00e9n\u00e9gal d\u00e9di\u00e9 aux \u00e9tudiants&nbsp;s\u00e9n\u00e9galais et&nbsp;\u00e9trangers (Hors Union Europ\u00e9enne) r\u00e9sidant&nbsp;au S\u00e9n\u00e9gal et d\u00e9sireux de&nbsp;poursuivre leurs \u00e9tudes sup\u00e9rieures en France. Notre mission principale est de faciliter la mobilit\u00e9 des \u00e9tudiants de la construction du projet d&rsquo;\u00e9tude \u00e0 la demande de vis ACCUEIL ET INFORMATIONS L&rsquo;Espace GBS groupe [&hellip;]<\/p>\n","protected":false},"author":1,"featured_media":0,"parent":0,"menu_order":0,"comment_status":"closed","ping_status":"closed","template":"","meta":[],"_links":{"self":[{"href":"https:\/\/gbsgroupe1.lescigales.org\/index.php?rest_route=\/wp\/v2\/pages\/14"}],"collection":[{"href":"https:\/\/gbsgroupe1.lescigales.org\/index.php?rest_route=\/wp\/v2\/pages"}],"about":[{"href":"https:\/\/gbsgroupe1.lescigales.org\/index.php?rest_route=\/wp\/v2\/types\/page"}],"author":[{"embeddable":true,"href":"https:\/\/gbsgroupe1.lescigales.org\/index.php?rest_route=\/wp\/v2\/users\/1"}],"replies":[{"embeddable":true,"href":"https:\/\/gbsgroupe1.lescigales.org\/index.php?rest_route=%2Fwp%2Fv2%2Fcomments&post=14"}],"version-history":[{"count":3,"href":"https:\/\/gbsgroupe1.lescigales.org\/index.php?rest_route=\/wp\/v2\/pages\/14\/revisions"}],"predecessor-version":[{"id":124,"href":"https:\/\/gbsgroupe1.lescigales.org\/index.php?rest_route=\/wp\/v2\/pages\/14\/revisions\/124"}],"wp:attachment":[{"href":"https:\/\/gbsgroupe1.lescigales.org\/index.php?rest_route=%2Fwp%2Fv2%2Fmedia&parent=14"}],"curies":[{"name":"wp","href":"https:\/\/api.w.org\/{rel}","templated":true}]}}