{"id":90,"date":"2022-10-03T02:35:17","date_gmt":"2022-10-03T00:35:17","guid":{"rendered":"http:\/\/gbsgroupe1.lescigales.org\/?page_id=90"},"modified":"2022-10-04T03:11:18","modified_gmt":"2022-10-04T01:11:18","slug":"procedure-green-card","status":"publish","type":"page","link":"https:\/\/gbsgroupe1.lescigales.org\/?page_id=90","title":{"rendered":"Proc\u00e9dure Green card"},"content":{"rendered":"\n<h1>Loterie Green card<\/h1>\n\n\n\n<p>Parmi les diff\u00e9rents moyens existants pour obtenir la\u00a0green card, vous pouvez tenter votre chance en participant \u00e0 la loterie.<\/p>\n\n\n\n<p>Chaque ann\u00e9e, environ 50 000 personnes \u00e0 travers le monde obtiennent un Green card gr\u00e2ce au tirage au sort de l\u2019administration am\u00e9ricaine.&nbsp;Vous pouvez facilement participer \u00e0 cette loterie en vous inscrivant en ligne sur Internet.&nbsp;S\u00e9curisez votre candidature le plus t\u00f4t possible pour ne pas manquer la date limite d\u2019inscription.<\/p>\n\n\n\n<h2>Inscription \u00e0 la loterie de la Green card<\/h2>\n\n\n\n<p><\/p>\n\n\n\n<p>Quelque soit le site par lequel vous passez pour vous enregistrer, gagner une green card gr\u00e2ce \u00e0 la loterie annuelle organis\u00e9e par le&nbsp;U.S. Citizenship and Immigration Service&nbsp;n\u00e9cessite de passer par diff\u00e9rentes \u00e9tapes :<\/p>\n\n\n\n<h3>Votre \u00e9ligibilit\u00e9<\/h3>\n\n\n\n<p>Vous devez \u00eatre n\u00e9e dans un pays \u00e9ligible pour l\u2019ann\u00e9e en cours, comme c\u2019est le cas de la France. Les \u00c9tats-Unis, souhaitant conserver une mixit\u00e9 au sein de la population immigrante, ne d\u00e9livrent pas de carte verte aux ressortissants des pays pour lesquels beaucoup de visas ont \u00e9t\u00e9 attribu\u00e9s ces 5 derni\u00e8res ann\u00e9es. En 2021, les nationaux des pays suivants n\u2019\u00e9taient pas autoris\u00e9s \u00e0 postuler \u00e0 la loterie : Angleterre, Bangladesh, Br\u00e9sil, Canada, Colombie, Chine, Ecosse, R\u00e9publique dominicaine, Salvador, Guatemala, Ha\u00efti, Inde, Jama\u00efque, Mexique, Nig\u00e9ria, Pakistan , Philippines, Cor\u00e9e du Sud et Vietnam.<\/p>\n\n\n\n<p>Afin d\u2019\u00eatre \u00e9ligible, vous devez \u00e9galement poss\u00e9der un niveau baccalaur\u00e9at ou, \u00e0 d\u00e9faut, avoir occup\u00e9 durant ces 5 derni\u00e8res ann\u00e9es un poste d\u2019une dur\u00e9e de 2 ans ou plus, n\u00e9cessitant un niveau de formation ou d\u2019exp\u00e9rience d\u2019au moins 2 ans.<\/p>\n\n\n\n<h3>Votre inscription<\/h3>\n\n\n\n<p>Pour r\u00e9aliser votre demande de Green card, vous devrez remplir un questionnaire et transmettre une photo datant de moins de 6 mois, au format indiqu\u00e9. Une fois le formulaire valid\u00e9, vous ne pouvez plus y apporter de modifications. Toute erreur commise conduit \u00e0 une \u00e9limination de votre candidature alors pensez bien \u00e0 relire vos r\u00e9ponses.<\/p>\n\n\n\n<p>Les questions portent sur votre :<\/p>\n\n\n\n<ul><li>Etat civil ;<\/li><li>Lieu de r\u00e9sidence ;<\/li><li>Coordonn\u00e9es e-mail et t\u00e9l\u00e9phone ;<\/li><li>Niveau d\u2019\u00e9tudes ;<\/li><li>Situation familiale ;<\/li><li><strong>Passeport valide (depuis 2020)<\/strong>.<\/li><\/ul>\n\n\n\n<p>Depuis 2020, il est demand\u00e9 aux candidats d\u2019avoir un&nbsp;passeport valide et non expir\u00e9 pour pouvoir soumettre de mani\u00e8re \u00e9lectronique<br>le formulaire d\u2019entr\u00e9e. Auparavant, les immigrants potentiels n\u2019avaient pas&nbsp;besoin d\u2019un passeport valide pour s\u2019inscrire.<\/p>\n\n\n\n<h2>R\u00e9sultats de la loterie pour la green card<\/h2>\n\n\n\n<p>Les r\u00e9sultats sont mis en ligne chaque ann\u00e9e sur Internet. Pour y avoir acc\u00e8s, connectez vous \u00e0 l\u2019aide de l\u2019identifiant que vous aurez cr\u00e9\u00e9 \u00e0 l\u2019inscription. Vous saurez alors si vous \u00eates s\u00e9lectionn\u00e9 ou non. En cas de r\u00e9ponse positive, un num\u00e9ro vous sera communiqu\u00e9, il correspond \u00e0 l\u2019ordre d\u2019\u00e9tude de votre dossier. Sachez que les entretiens de s\u00e9lection se d\u00e9roulent jusqu\u2019en septembre chaque ann\u00e9e, ensuite les visas non confirm\u00e9es sont redistribu\u00e9s.<\/p>\n\n\n\n<p>Si vous n\u2019\u00eates pas tir\u00e9 au sort dans le cadre de la loterie, plusieurs solutions s\u2019offrent \u00e0 vous :<\/p>\n\n\n\n<ul><li>vous pouvez retenter votre chance l\u2019ann\u00e9e d\u2019apr\u00e8s ;<\/li><li>tenter d\u2019obtenir la\u00a0Green card par le travail, ou en investissement aux \u00c9tats-Unis, ou sinon en obtenant votre\u00a0visa permanent gr\u00e2ce \u00e0 votre\u00a0mariage avec un citoyen am\u00e9ricain\u00a0;<\/li><li>vous tourner vers un\u00a0visa classique\u00a0;<\/li><li>opter pour l\u2019ESTA, proc\u00e9dure simple et rapide, accessible directement sur Internet.<\/li><\/ul>\n\n\n\n<p><strong>Pour un s\u00e9jour de moins de 90 jours aux \u00c9tats-Unis<\/strong>&nbsp;: Il n\u2019est pas n\u00e9cessaire de d\u2019obtenir une Green card. Vous pouvez simplement faire une demande d\u2019ESTA par Internet. L\u2019ESTA est une Autorisation de Voyage \u00c9lectronique d\u00e9livr\u00e9e par les \u00c9tats-Unis et valable pour des s\u00e9jours de moins de 90 jours. Pour obtenir votre attestation en quelques minutes cliquez sur&nbsp;<\/p>\n\n\n\n<p>GBS groupe&nbsp;est un site d\u2019information sur Pr\u00e9-inscription  disponible en plusieurs langues et ind\u00e9pendant de toute administration. Notre portail d\u2019information priv\u00e9 sur Internet a pour unique vocation d\u2019informer les internautes et ne propose aucun service additionnel.<\/p>\n\n\n\n<p>Notre site Internet contient diff\u00e9rents liens hypertextes menant vers des sites web tiers. Nous n\u2019avons aucun lien et aucun contr\u00f4le sur ces sites, et ne sommes pas responsables de leurs politiques de confidentialit\u00e9 ni de leurs pratiques commerciales ou marketing. Pour plus d\u2019informations il vous suffit de consulter notre politique de confidentialit\u00e9.<\/p>\n\n\n\n<h1 id=\"h-green-card-par-le-travail\">Green card par le travail<\/h1>\n\n\n\n<p>La&nbsp;green card, ou carte verte en fran\u00e7ais, donne l\u2019autorisation&nbsp;aux personnes qui la d\u00e9tiennent, de vivre et de travailler sur le sol am\u00e9ricain.&nbsp;Elle peut \u00eatre obtenue de diff\u00e9rentes mani\u00e8res : via un statut de r\u00e9fugi\u00e9, en jouant \u00e0 la loterie annuelle, suite \u00e0 un mariage\u2026&nbsp;Nous vous expliquons \u00e0 travers ce topo, les conditions requises pour recevoir une green card pour raisons professionnelles.<\/p>\n\n\n\n<h2 id=\"h-solliciter-la-green-card-pour-raisons-professionnelles\">Solliciter la green card pour raisons professionnelles<\/h2>\n\n\n\n<p>Obtenir la green card pour raisons professionnelles n\u2019est pas chose facile. Le gouvernement am\u00e9ricain, soucieux de laisser la priorit\u00e9 \u00e0 ses ressortissants en mati\u00e8re d\u2019emploi, a mis en place une proc\u00e9dure longue et co\u00fbteuse, \u00e0 l\u2019usage des employeurs qui souhaiteraient embaucher un non-ressortissant am\u00e9ricain.<\/p>\n\n\n\n<p>De fait, nombre de recruteurs pr\u00e9f\u00e8rent \u00e9viter de se lancer dans une telle d\u00e9marche, qui plus est si le candidat convoit\u00e9 n\u2019est pas d\u00e9j\u00e0 pr\u00e9sent sur le sol am\u00e9ricain.<\/p>\n\n\n\n<p>De m\u00eame, cette frilosit\u00e9 peut s\u2019expliquer par le fait que l\u2019employeur qui vous aidera \u00e0 obtenir la fameuse carte verte ne poss\u00e8de aucune garantie sur le fait qu\u2019une fois le s\u00e9same en poche, vous resterez travailler pour sa soci\u00e9t\u00e9.<\/p>\n\n\n\n<p>La carte de r\u00e9sident permanent obtenue pour raisons professionnelles s\u2019adressent donc davantage aux personnes hautement qualifi\u00e9es, dot\u00e9es de comp\u00e9tences extraordinaires ou exer\u00e7ant dans un domaine rare ou pointu.<\/p>\n\n\n\n<p>Elle offre l\u2019avantage \u00e0 ses d\u00e9tenteurs de pouvoir s\u2019inscrire \u00e0 la s\u00e9curit\u00e9 sociale, ce qui est utile pour r\u00e9aliser un grand nombre de d\u00e9marches administratives.<\/p>\n\n\n\n<h2 id=\"h-green-card-les-profils-recherches\">Green card, les profils recherch\u00e9s<\/h2>\n\n\n\n<p>Les personnes qui poss\u00e8dent les profils suivants ont de fortes chances d\u2019obtenir la green card :<\/p>\n\n\n\n<ul><li>Exceller dans les sciences, les arts, l\u2019enseignement, les affaires ou le sport ;<\/li><li>Etre un professeur ou un chercheur renomm\u00e9 ;<\/li><li>Etre propri\u00e9taire ou manager d\u2019une multinationale ;<\/li><li>Investir 1 million de dollars aux Etats-Unis, dans des secteurs permettant de cr\u00e9er de l\u2019emploi (10 postes minimum).<\/li><\/ul>\n\n\n\n<p>Vous pouvez \u00e9galement candidater pour la carte verte si vous appartenez aux cat\u00e9gories suivantes, mais sachez toutefois que vos chances d\u2019\u00eatre parrain\u00e9 par un employeur sont tr\u00e8s minces :<\/p>\n\n\n\n<ul><li>Etre titulaire d\u2019un Bachelor\u2019s degree (l\u2019\u00e9quivalent am\u00e9ricain de la licence) ;<\/li><li>Exercer une profession qui n\u00e9cessite au minimum deux ans de formation ou d\u2019exp\u00e9rience ;<\/li><li>Occuper un poste requ\u00e9rant moins de deux ann\u00e9es de formation ou d\u2019exp\u00e9rience.<\/li><\/ul>\n\n\n\n<p>Si votre d\u00e9marche n\u2019aboutit pas, ne vous d\u00e9couragez pas ! D\u2019autres solutions s\u2019offrent \u00e0 vous. Vous pouvez :<\/p>\n\n\n\n<ul><li>Utiliser un autre motif, comme demander la\u00a0green card par mariage, liens familiaux, ou participer \u00e0 la\u00a0loterie de la Green card\u00a0;<\/li><li>Effectuer une demande de\u00a0visa am\u00e9ricain;<\/li><li>Obtenir un EST<a rel=\"noreferrer noopener\" href=\"https:\/\/usa-esta.net\/\" target=\"_blank\">A<\/a>, gr\u00e2ce \u00e0 une proc\u00e9dure simple et rapide directement par Internet.<\/li><\/ul>\n\n\n\n<h1>Green card par mariage<\/h1>\n\n\n\n<p>La&nbsp;green card, \u00e9galement appel\u00e9e \u201ccertificat de r\u00e9sident permanent\u201d ou plus commun\u00e9ment \u201ccarte verte\u201d, permet aux chanceux qui la poss\u00e8dent de vivre sur le sol am\u00e9ricain et d\u2019y travailler.<\/p>\n\n\n\n<p>En effet, ce pr\u00e9cieux document offre \u00e0 ses d\u00e9tenteurs les m\u00eames droits que les citoyens am\u00e9ricains, que ce soit en mati\u00e8re d\u2019\u00e9ducation, d\u2019assurance&nbsp;sant\u00e9, de retraite, d\u2019attribution de bourses universitaires\u2026<\/p>\n\n\n\n<h2 id=\"h-les-differents-moyens-d-obtention-de-la-green-card\">Les diff\u00e9rents moyens d\u2019obtention de la green card<\/h2>\n\n\n\n<p>La green card&nbsp;peut \u00eatre obtenue par 4 moyens diff\u00e9rents :<\/p>\n\n\n\n<ul><li><strong>Pour raison politique<\/strong>&nbsp;: les demandeurs d\u2019asile ainsi que les r\u00e9fugi\u00e9s politiques sont autoris\u00e9s \u00e0 \u00e9mettre une demande ;<\/li><li><strong>Pour motif professionnel<\/strong>&nbsp;: il faudra selon les cas, \u00eatre dirigeant d\u2019une soci\u00e9t\u00e9 ayant un si\u00e8ge aux USA, investir de fortes sommes aux \u00c9tats-Unis permettant de cr\u00e9er de l\u2019emploi, \u00eatre une personnalit\u00e9 reconnue (artiste, scientifique, athl\u00e8te\u2026) ou trouver un employeur am\u00e9ricain qui s\u2019engage \u00e0 vous fournir un poste et accepte de vous parrainer pour demander une&nbsp;Green card d\u2019employ\u00e9;<\/li><li><strong>Gr\u00e2ce \u00e0 la loterie<\/strong>&nbsp;: chaque ann\u00e9e, United States Citizenship and Immigration Services (USCIS) permet \u00e0 environ 50 000 personnes de d\u00e9crocher la carte de r\u00e9sident gr\u00e2ce \u00e0 la&nbsp;loterie Green card;<\/li><li><strong>En raison de liens familiaux<\/strong>&nbsp;: &nbsp;un citoyen am\u00e9ricain majeur peut solliciter la carte verte pour ses parents, ses fr\u00e8res et s\u0153urs majeurs, ses enfants et son conjoint.<\/li><\/ul>\n\n\n\n<h2 id=\"h-la-green-card-pour-les-couples-maries\">La green card pour les couples mari\u00e9s<\/h2>\n\n\n\n<p>Vous \u00eates mari\u00e9 \u00e0 un citoyen am\u00e9ricain ou envisagez de sauter le pas prochainement ? Sachez que vous pouvez obtenir la carte verte gr\u00e2ce au parrainage de votre \u00e9poux. Vous serez&nbsp;convoqu\u00e9 par un officier de l\u2019immigration&nbsp;dont la mission est d\u2019appr\u00e9cier la l\u00e9gitimit\u00e9 de votre mariage. Si son rapport est concluant, une green card temporaire valable 2 ans vous sera remise. Vous pourrez la renouveler par la suite au profit d\u2019une carte d\u00e9finitive, valable 10 ans.<\/p>\n\n\n\n<p>Cette d\u00e9cision de carte temporaire a \u00e9t\u00e9 mise en place par les Etats-Unis afin de limiter le risque de mariages blancs, subterfuge fr\u00e9quemment utilis\u00e9 par les non-ressortissants en qu\u00eate de r\u00eave am\u00e9ricain.<\/p>\n\n\n\n<p>En effet, en cas de divorce survenant dans les deux ans, vous ne pourrez pas solliciter la green card \u201cpermanente\u201d pour motif de mariage et il faudra vous tourner vers une autre solution (visa, parrainage li\u00e9 \u00e0 l\u2019emploi, loterie, ESTA pour s\u00e9jour touristique\u2026).<\/p>\n\n\n\n<h2>Utilit\u00e9 de la Green card<\/h2>\n\n\n\n<p>Le d\u00e9tenteur de la Green card b\u00e9n\u00e9ficie des m\u00eames droits que tout citoyen am\u00e9ricain (s\u00e9curit\u00e9 sociale, sant\u00e9, \u00e9ducation, retraite\u2026), \u00e0 l\u2019exception du droit de vote et de celui d\u2019\u00eatre jur\u00e9 lors d\u2019un proc\u00e8s.<\/p>\n\n\n\n<p>La Green card est d\u00e9livr\u00e9e par l\u2019USCIS\u00a0(United States Citizenship and Immigration Services). Sa dur\u00e9e de validit\u00e9 est variable et d\u00e9pend du motif d\u2019obtention. Le renouvellement de la carte de r\u00e9sident permanent doit \u00eatre effectu\u00e9 sur demande. Ainsi, il est possible de conserver la Green card \u00e0 vie si l\u2019on respecte certaines conditions (d\u00e9clarer ses imp\u00f4ts, payer ses taxes aux \u00c9tats-Unis, ne pas quitter les \u00c9tats-Unis durant une longue p\u00e9riode\u2026). Poss\u00e9der une Green card, permet \u00e9galement d\u2019effectuer au bout de 5 ans une demande de naturalisation.<\/p>\n\n\n\n<h2>Photo Green card<\/h2>\n\n\n\n<p>Voici \u00e0 quoi ressemble une carte verte am\u00e9ricaine de r\u00e9sident permanent. Cette Green card est un \u00ab&nbsp;sp\u00e9cimen&nbsp;\u00bb modifi\u00e9 pour supprimer les informations personnelles du d\u00e9tenteur.&nbsp;La photo d\u2019identit\u00e9 doit avoir moins de six mois. Elle doit respecter les directives pr\u00e9sent\u00e9es dans l\u2019image en terme de position du visage et de dimensions de la photo d\u2019identit\u00e9.<\/p>\n\n\n\n<figure class=\"wp-block-image\"><img src=\"https:\/\/usa-esta.net\/wp-content\/uploads\/2019\/07\/Specimen-Green-card-2.png\" alt=\"Green card USA\"\/><figcaption>Photo Green card USA specimen<\/figcaption><\/figure>\n\n\n\n<h2>Obtenir votre Green card<\/h2>\n\n\n\n<p>Recevoir la Green card va d\u00e9pendre de votre situation. Elle est attribu\u00e9e selon les cas suivants :<\/p>\n\n\n\n<ol><li><strong>Parrainage par un membre de la famille<\/strong>&nbsp;: un citoyen am\u00e9ricain de plus de 21 ans (\u00e2ge de la majorit\u00e9 aux \u00c9tats-Unis) peut effectuer une&nbsp;demande de carte verte pour son conjoint, ses parents, ses enfants, ses fr\u00e8res et s\u0153urs majeurs.<\/li><li><strong>Motif professionnel<\/strong>&nbsp;: sont concern\u00e9s par l\u2019opportunit\u00e9 d\u2019obtenir une Green card par le travail&nbsp;les propri\u00e9taires et directeurs d\u2019entreprise(s) poss\u00e9dant un site sur le territoire am\u00e9ricain, les investisseurs qui cr\u00e9ent des emplois aux \u00c9tats-Unis, les artistes, scientifiques et sportifs renomm\u00e9s, ainsi que les \u00e9trangers ayant une proposition concr\u00e8te d\u2019emploi sous conditions (exp\u00e9rience, niveau d\u2019\u00e9tude, profil\u2026).<\/li><li><strong>Loterie :<\/strong>&nbsp;chaque ann\u00e9e, l\u2019USCIS (United States Citizenship and Immigration Services) organise une&nbsp;loterie pour obtenir une Green card, visant \u00e0 octroyer environ 50 000 cartes vertes aux postulants, \u00e0 travers le monde. Cette loterie dont l\u2019inscription est gratuite n\u00e9cessite d\u2019\u00eatre citoyen d\u2019un pays \u00e9ligible. Les \u00c9tats-Unis souhaitant conserver une mixit\u00e9 au sein des immigrants, certains pays sont exclus du programme, comme c\u2019est le cas par exemple du Mexique et du Canada.<\/li><li><strong>Raison politique :<\/strong>&nbsp;les personnes reconnues comme r\u00e9fugi\u00e9s politiques ou demandeurs d\u2019asile peuvent effectuer une demande de carte de r\u00e9sidents permanents. Apr\u00e8s acquisition du statut, elles disposent d\u2019un d\u00e9lai de deux ans pour effectuer la d\u00e9marche.<\/li><\/ol>\n\n\n\n<p>Pour effectuer qu\u2019un s\u00e9jour limit\u00e9 sur le territoire am\u00e9ricain, il est possible d\u2019obtenir un&nbsp;visa am\u00e9ricain&nbsp;ou une attestation de voyage de courte dur\u00e9e. Pour un s\u00e9jour de moins de 90 jours aux \u00c9tats-Unis, il n\u2019est pas n\u00e9cessaire de d\u2019obtenir une Green card. Vous pouvez simplement faire une demande d\u2019ESTA par Internet. L\u2019ESTA est une Autorisation de Voyage \u00c9lectronique d\u00e9livr\u00e9e par les \u00c9tats-Unis et valable pour des s\u00e9jours de moins de 90 jours. Pour obtenir votre attestation en quelques minutes cliquez sur&nbsp;GBS groupe<\/p>\n","protected":false},"excerpt":{"rendered":"<p>Loterie Green card Parmi les diff\u00e9rents moyens existants pour obtenir la\u00a0green card, vous pouvez tenter votre chance en participant \u00e0 la loterie. Chaque ann\u00e9e, environ 50 000 personnes \u00e0 travers le monde obtiennent un Green card gr\u00e2ce au tirage au sort de l\u2019administration am\u00e9ricaine.&nbsp;Vous pouvez facilement participer \u00e0 cette loterie en vous inscrivant en ligne [&hellip;]<\/p>\n","protected":false},"author":1,"featured_media":0,"parent":0,"menu_order":0,"comment_status":"closed","ping_status":"closed","template":"","meta":[],"_links":{"self":[{"href":"https:\/\/gbsgroupe1.lescigales.org\/index.php?rest_route=\/wp\/v2\/pages\/90"}],"collection":[{"href":"https:\/\/gbsgroupe1.lescigales.org\/index.php?rest_route=\/wp\/v2\/pages"}],"about":[{"href":"https:\/\/gbsgroupe1.lescigales.org\/index.php?rest_route=\/wp\/v2\/types\/page"}],"author":[{"embeddable":true,"href":"https:\/\/gbsgroupe1.lescigales.org\/index.php?rest_route=\/wp\/v2\/users\/1"}],"replies":[{"embeddable":true,"href":"https:\/\/gbsgroupe1.lescigales.org\/index.php?rest_route=%2Fwp%2Fv2%2Fcomments&post=90"}],"version-history":[{"count":5,"href":"https:\/\/gbsgroupe1.lescigales.org\/index.php?rest_route=\/wp\/v2\/pages\/90\/revisions"}],"predecessor-version":[{"id":165,"href":"https:\/\/gbsgroupe1.lescigales.org\/index.php?rest_route=\/wp\/v2\/pages\/90\/revisions\/165"}],"wp:attachment":[{"href":"https:\/\/gbsgroupe1.lescigales.org\/index.php?rest_route=%2Fwp%2Fv2%2Fmedia&parent=90"}],"curies":[{"name":"wp","href":"https:\/\/api.w.org\/{rel}","templated":true}]}}