{"id":93,"date":"2022-10-03T02:35:52","date_gmt":"2022-10-03T00:35:52","guid":{"rendered":"http:\/\/gbsgroupe1.lescigales.org\/?page_id=93"},"modified":"2022-10-04T01:36:00","modified_gmt":"2022-10-03T23:36:00","slug":"procedure-canada","status":"publish","type":"page","link":"https:\/\/gbsgroupe1.lescigales.org\/?page_id=93","title":{"rendered":"Proc\u00e9dure Canada"},"content":{"rendered":"\n<h1>Candidates et candidats de l&rsquo;international<\/h1>\n\n\n\n<p>Vous d\u00e9sirez venir \u00e9tudier au Canada? En poursuivant votre projet d\u2019\u00e9tudes ou de recherche \u00e0 l&rsquo;Universit\u00e9 Laval, vous pourriez vivre une exp\u00e9rience exceptionnelle dans un milieu de vie francophone, accueillant et s\u00e9curitaire.<a href=\"https:\/\/www.ulaval.ca\/futurs-etudiants\/pourquoi-choisir-lul\/vie-au-canada\"><\/a><\/p>\n\n\n\n<h2>Pr\u00e9inscription au Canada Garantie \u00e0 100 %<\/h2>\n\n\n\n<p><strong>Etudier au Canada devient une r\u00e9alit\u00e9 sans payer des millions pour obtenir une admission devient une possibilit\u00e9. Concoursn.com accompagne chaque ann\u00e9e des \u00e9tudiants dans l\u2019obtention d\u2019une Pr\u00e9inscription au Canada Garantie dans les universit\u00e9s canadiennes de renom. Ainsi, la pr\u00e9inscription dans une universit\u00e9 canadienne est la premi\u00e8re \u00e9tape dans un projet\u00a0d\u2019\u00e9tude d\u2019\u00e9tude\u00a0qui vous ouvrira les portes vers les pays du Nord.<\/strong><\/p>\n\n\n<div class=\"wp-block-image\">\n<figure class=\"aligncenter\"><img src=\"https:\/\/i0.wp.com\/concoursn.com\/wp-content\/uploads\/2021\/05\/Pre%CC%81inscription-au-Canada.png?resize=300%2C129&amp;ssl=1\" alt=\"Pr\u00e9inscription en France\" class=\"wp-image-262946\"\/><\/figure><\/div>\n\n\n<h2>Pr\u00e9inscription au Canada\u00a0Garantie<\/h2>\n\n\n\n<p>Toutes les personnes ressortissant d\u2019un pays francophone sont \u00e9ligibles. Mais les documents sont \u00e0 d\u00e9poser \u00e0 la direction de Concoursn.com qui se trouve \u00e0 Dakar.<\/p>\n\n\n\n<p>Une fois le dossier d\u00e9pos\u00e9, l\u2019\u00e9tudiant re\u00e7oit une admission sous un d\u00e9lai de 15 jours au Maximum et peut entamer les d\u00e9marches consulaires aupr\u00e8s de l\u2019ambassade dans son pays.<\/p>\n\n\n\n<p>Nous assumons pleinement notre r\u00f4le d\u2019entreprise qui vous accompagne dans vos \u00e9tudes et non dans votre proc\u00e9dure de d\u00e9p\u00f4t de VISA. Notre accompagnement commence \u00e0 partir du moment o\u00f9 vous nous soumettez votre dossier de candidature et s\u2019arr\u00eate \u00e0 partir de la remise de votre acceptation par l\u2019\u00e9tablissement partenaire. L\u2019acceptation est garantie. Nos universit\u00e9s partenaires sont priv\u00e9es. Les frais d\u2019\u00e9tudes sont payes au Canada. Concoursn n\u2019offre pas de bourses d\u2019\u00e9tudes pour le Canada.<\/p>\n\n\n\n<p>Apres votre admission, les d\u00e9marches \u00e0 faire pour votre immigration se passera entre vous et l\u2019ambassade du Canada dans votre pays.<\/p>\n\n\n\n<p>En deux mots, nous vous garantissons acceptation dans une universit\u00e9 canadienne dans votre fili\u00e8re afin que vous puissiez d\u00e9marrer la proc\u00e9dure de demande de visa \u00e9tudiant.<\/p>\n\n\n\n<p>Toutes les personnes qui fournissent les pi\u00e8ces suivantes accompagn\u00e9es des frais de dossiers seront accept\u00e9es sur le champs.<\/p>\n\n\n\n<p>L\u2019obtention de cette pr\u00e9inscription au Canada garantie est une obligation dans la proc\u00e9dure d\u2019obtention d\u2019un VISA \u00e9tudiant. Cette proc\u00e9dure l\u00e9gale est r\u00e9glement\u00e9e par le gouvernement canadien.<\/p>\n\n\n\n<h2>PI\u00c8CES A FOURNIR :<\/h2>\n\n\n\n<ul><li>Les bulletins de notes en Seconde, Premi\u00e8re et Terminale accompagn\u00e9s du relev\u00e9 de notes et de votre attestation de r\u00e9ussite si votre dernier dipl\u00f4me est le BAC.<\/li><li>Une copie de votre dernier dipl\u00f4me, tous les bulletins de note obtenue apr\u00e8s ce dipl\u00f4me et votre certificat de scolarit\u00e9 ou carte \u00e9tudiant en cours ( si vous \u00e9tudiez toujours )<\/li><li>Une copie de votre carte d\u2019identit\u00e9 ou passeport<\/li><li>Frais de dossier : ( 150 000 Francs CFA pour premier cycle \/ 250 000 Francs CFA pour Master )<\/li><\/ul>\n\n\n\n<p>NB : Les frais d\u2019\u00e9tudes sont a la charge de l\u2019\u00e9tudiant et sont pay\u00e9s une fois au Canada.<\/p>\n\n\n\n<p>Proc\u00e9dure de d\u00e9p\u00f4t :<\/p>\n\n\n\n<p>Si vous \u00eates a Dakar ou Thi\u00e8s, vous pouvez venir directement dans nos locaux en appelant tout de suite au +221 77 301 34 44 <\/p>\n\n\n\n<figure class=\"wp-block-image size-full\"><img loading=\"lazy\" width=\"915\" height=\"590\" src=\"http:\/\/gbsgroupe1.lescigales.org\/wp-content\/uploads\/2022\/10\/experience-a-luniversite-de-montreal-canada-jean-paul-4df69183c2157cb55f444845b923938a.jpg\" alt=\"\" class=\"wp-image-156\" srcset=\"https:\/\/gbsgroupe1.lescigales.org\/wp-content\/uploads\/2022\/10\/experience-a-luniversite-de-montreal-canada-jean-paul-4df69183c2157cb55f444845b923938a.jpg 915w, https:\/\/gbsgroupe1.lescigales.org\/wp-content\/uploads\/2022\/10\/experience-a-luniversite-de-montreal-canada-jean-paul-4df69183c2157cb55f444845b923938a-300x193.jpg 300w, https:\/\/gbsgroupe1.lescigales.org\/wp-content\/uploads\/2022\/10\/experience-a-luniversite-de-montreal-canada-jean-paul-4df69183c2157cb55f444845b923938a-768x495.jpg 768w\" sizes=\"(max-width: 915px) 100vw, 915px\" \/><\/figure>\n\n\n\n<p><a href=\"https:\/\/www.ulaval.ca\/international\/immigration\"><\/a><\/p>\n","protected":false},"excerpt":{"rendered":"<p>Candidates et candidats de l&rsquo;international Vous d\u00e9sirez venir \u00e9tudier au Canada? En poursuivant votre projet d\u2019\u00e9tudes ou de recherche \u00e0 l&rsquo;Universit\u00e9 Laval, vous pourriez vivre une exp\u00e9rience exceptionnelle dans un milieu de vie francophone, accueillant et s\u00e9curitaire. Pr\u00e9inscription au Canada Garantie \u00e0 100 % Etudier au Canada devient une r\u00e9alit\u00e9 sans payer des millions pour [&hellip;]<\/p>\n","protected":false},"author":1,"featured_media":0,"parent":0,"menu_order":0,"comment_status":"closed","ping_status":"closed","template":"","meta":[],"_links":{"self":[{"href":"https:\/\/gbsgroupe1.lescigales.org\/index.php?rest_route=\/wp\/v2\/pages\/93"}],"collection":[{"href":"https:\/\/gbsgroupe1.lescigales.org\/index.php?rest_route=\/wp\/v2\/pages"}],"about":[{"href":"https:\/\/gbsgroupe1.lescigales.org\/index.php?rest_route=\/wp\/v2\/types\/page"}],"author":[{"embeddable":true,"href":"https:\/\/gbsgroupe1.lescigales.org\/index.php?rest_route=\/wp\/v2\/users\/1"}],"replies":[{"embeddable":true,"href":"https:\/\/gbsgroupe1.lescigales.org\/index.php?rest_route=%2Fwp%2Fv2%2Fcomments&post=93"}],"version-history":[{"count":3,"href":"https:\/\/gbsgroupe1.lescigales.org\/index.php?rest_route=\/wp\/v2\/pages\/93\/revisions"}],"predecessor-version":[{"id":157,"href":"https:\/\/gbsgroupe1.lescigales.org\/index.php?rest_route=\/wp\/v2\/pages\/93\/revisions\/157"}],"wp:attachment":[{"href":"https:\/\/gbsgroupe1.lescigales.org\/index.php?rest_route=%2Fwp%2Fv2%2Fmedia&parent=93"}],"curies":[{"name":"wp","href":"https:\/\/api.w.org\/{rel}","templated":true}]}}