{"id":96,"date":"2022-10-03T02:36:23","date_gmt":"2022-10-03T00:36:23","guid":{"rendered":"http:\/\/gbsgroupe1.lescigales.org\/?page_id=96"},"modified":"2022-10-04T03:21:09","modified_gmt":"2022-10-04T01:21:09","slug":"etablissement","status":"publish","type":"page","link":"https:\/\/gbsgroupe1.lescigales.org\/?page_id=96","title":{"rendered":"Les Etablissement"},"content":{"rendered":"\n<h2><strong><em>La France compte plus de 3&nbsp;500 \u00e9tablissements d\u2019enseignement sup\u00e9rieur publics ou priv\u00e9s. Universit\u00e9s, grandes \u00e9coles ou encore \u00e9coles d\u2019art ou d\u2019architecture&nbsp;: le choix est vaste pour les \u00e9tudiants \u00e9trangers qui veulent \u00e9tudier en France.<\/em><\/strong><\/h2>\n\n\n\n<figure class=\"wp-block-image size-full is-resized\"><img loading=\"lazy\" src=\"http:\/\/gbsgroupe1.lescigales.org\/wp-content\/uploads\/2022\/10\/Differents-types-detablissements_corps-du-texte.jpg\" alt=\"\" class=\"wp-image-118\" width=\"543\" height=\"361\"\/><\/figure>\n\n\n\n<h2>LES UNIVERSIT\u00c9S&nbsp;: L\u2019ENSEIGNEMENT SUP\u00c9RIEUR POUR TOUS<\/h2>\n\n\n\n<p>Les universit\u00e9s accueillent 75 % des \u00e9tudiants \u00e9trangers qui ont choisi la France pour leurs \u00e9tudes sup\u00e9rieures.<strong>&nbsp;Ces \u00e9tablissements d\u2019enseignement sup\u00e9rieur publics sont financ\u00e9s par l\u2019\u00c9tat fran\u00e7ais<\/strong>. R\u00e9parties sur tout le territoire fran\u00e7ais, les universit\u00e9s d\u00e9livrent des dipl\u00f4mes nationaux (Licence, Master, Doctorat) qui ont tous la m\u00eame valeur acad\u00e9mique.<\/p>\n\n\n\n<p><br>L\u2019inscription en premi\u00e8re ann\u00e9e est ouverte \u00e0 tous les titulaires du baccalaur\u00e9at ou d\u2019un dipl\u00f4me \u00e9quivalent. Sciences, lettres, langues, arts, sciences humaines, sant\u00e9 ou encore sport, les formations \u00e0 l\u2019universit\u00e9 couvrent l\u2019ensemble des domaines d\u2019enseignement et de recherche.<br>&nbsp;<\/p>\n\n\n\n<figure class=\"wp-block-image\"><img src=\"https:\/\/www.campusfrance.org\/sites\/default\/files\/styles\/mobile_rte_petit\/public\/medias\/images\/2017-10\/Diff%C3%A9rents%20types%20d%27%C3%A9tablissements_corps%20du%20texte4.jpg?itok=tS8htx-t\" alt=\"place sorbonne paris\" title=\"Place de la Sorbonne \u00e0 Paris\"\/><\/figure>\n\n\n\n<p>Place de la Sorbonne \u00e0 Paris<\/p>\n\n\n\n<p>\u00a9blickwinkel2511 &#8211; stock.adobe.com<\/p>\n\n\n\n<h2>LES GRANDES \u00c9COLES&nbsp;: LA CULTURE DE L\u2019EXCELLENCE \u00c0 LA FRAN\u00c7AISE<\/h2>\n\n\n\n<p>20 % des \u00e9tudiants \u00e9trangers suivent un cursus dans les grandes \u00e9coles. \u00c9coles normales sup\u00e9rieures (ENS), instituts d\u2019\u00e9tudes politiques (IEP), \u00e9coles d\u2019ing\u00e9nieurs, \u00e9coles de commerce et de management, \u00e9coles v\u00e9t\u00e9rinaires et quelques autres \u00e9coles,&nbsp;<strong>ces grandes \u00e9coles sont des \u00e9tablissements d\u2019enseignement sup\u00e9rieur publics ou priv\u00e9s reconnus par l\u2019\u00c9tat<\/strong>. Elles d\u00e9livrent des dipl\u00f4mes de niveau bac+5 dont certains conf\u00e8rent le grade de Master. De nombreuses formations y sont d\u00e9livr\u00e9es en anglais.<\/p>\n\n\n\n<p><br><strong>L\u2019admission dans les grandes \u00e9coles est tr\u00e8s s\u00e9lective<\/strong>. Elle se fait sur concours apr\u00e8s deux ans de classe pr\u00e9paratoire, sur titre ou directement apr\u00e8s le baccalaur\u00e9at pour les \u00e9coles qui proposent un cycle pr\u00e9paratoire int\u00e9gr\u00e9. Le co\u00fbt de l\u2019inscription et des frais de dossier y est plus \u00e9lev\u00e9 qu\u2019\u00e0 l\u2019universit\u00e9.<br>&nbsp;<\/p>\n\n\n\n<h2>\u00c9COLES ET INSTITUTS SP\u00c9CIALIS\u00c9S&nbsp;: DES ENSEIGNEMENTS SP\u00c9CIFIQUES<\/h2>\n\n\n\n<p><strong>Pr\u00e8s de 3 000 \u00e9tablissements d\u2019enseignements sup\u00e9rieurs publics ou priv\u00e9s proposent des cursus dans des secteurs sp\u00e9cifiques<\/strong>&nbsp;comme la sant\u00e9, l\u2019audiovisuel, la communication, le journalisme, la mode et le design, l\u2019agronomie, les sciences politiques, etc.<\/p>\n\n\n\n<p><br>Ces \u00e9tablissements d\u00e9livrent des dipl\u00f4mes et des certificats reconnus ou non par l\u2019\u00c9tat. L\u2019admission dans ces \u00e9coles et instituts sp\u00e9cialis\u00e9s se fait sur concours ou sur dossier. La dur\u00e9e des \u00e9tudes y est g\u00e9n\u00e9ralement de deux \u00e0 cinq ans.<\/p>\n\n\n\n<figure class=\"wp-block-image\"><img src=\"https:\/\/www.campusfrance.org\/sites\/default\/files\/styles\/mobile_rte_mini\/public\/medias\/images\/2017-10\/batiment%20sciences%20po%20entr%C3%A9e.jpg?itok=xF9c7KMm\" alt=\"Sciences Po Paris b\u00e2timent fa\u00e7ade entr\u00e9e\" title=\"Entr\u00e9e de Sciences Po Paris\"\/><\/figure>\n\n\n\n<p>Entr\u00e9e de Sciences Po Paris<\/p>\n\n\n\n<h2>LES \u00c9COLES SUP\u00c9RIEURES D\u2019ART ET D\u2019ARTS APPLIQU\u00c9S<\/h2>\n\n\n\n<p><strong>En France, pr\u00e8s de 50 \u00e9coles sup\u00e9rieures d\u2019art et de design<\/strong>&nbsp;publiques d\u00e9pendent directement du minist\u00e8re de la Culture. Les formations en art, en design et en communication qui y sont d\u00e9livr\u00e9es sont organis\u00e9es en deux cycles de trois ou cinq ans sanctionn\u00e9s par des dipl\u00f4mes nationaux. Certaines proposent \u00e9galement un troisi\u00e8me cycle.<\/p>\n\n\n\n<p><br>Quatre \u00e9coles d\u2019arts publiques tr\u00e8s r\u00e9put\u00e9es d\u00e9pendent directement du minist\u00e8re de l\u2019Enseignement sup\u00e9rieur : les \u00e9coles Boulle, Olivier de Serres, Duperr\u00e9 et Estienne. Elles d\u00e9livrent des dipl\u00f4mes nationaux dans les domaines de la conception en design graphique, le design d\u2019espace, la mode ou les m\u00e9tiers d\u2019art.<\/p>\n\n\n\n<p><br>Quelques \u00e9coles priv\u00e9es ou d\u00e9pendantes des chambres de commerce et d\u2019industrie d\u00e9livrent leurs propres dipl\u00f4mes. Certaines sont enregistr\u00e9es au\u00a0R\u00e9pertoire national des certifications professionnelles\u00a0(RNCP).\u00a0<strong>Ces \u00e9tablissements d\u2019enseignement sup\u00e9rieur d\u2019art et d\u2019arts appliqu\u00e9s recrutent de mani\u00e8re tr\u00e8s s\u00e9lective<\/strong>\u00a0sur dossier, \u00e0 l&rsquo;issue de concours et \/ ou d&rsquo;entretiens. Les candidatures peuvent \u00eatre d\u00e9pos\u00e9es en ligne sur le site\u00a0Campus Art.<\/p>\n\n\n\n<h2>LES \u00c9COLES NATIONALES SUP\u00c9RIEURES D\u2019ARCHITECTURE (ENSA)<\/h2>\n\n\n\n<p><strong>Les \u00e9coles nationales sup\u00e9rieures d\u2019architecture forment un r\u00e9seau de\u00a020 \u00e9coles publiques<\/strong>\u00a0plac\u00e9 sous la double tutelle des minist\u00e8res de la Culture et de l\u2019Enseignement sup\u00e9rieur, de la Recherche et de l\u2019Innovation. Deux autres \u00e9tablissements, l\u2019\u00c9cole sp\u00e9ciale d\u2019architecture et l\u2019Institut national des sciences appliqu\u00e9es de Strasbourg, font partie de ce m\u00eame r\u00e9seau et d\u00e9livrent des dipl\u00f4mes \u00e9quivalents.\u00a0<\/p>\n\n\n\n<p><br><strong>Les \u00e9coles d\u2019architecture proposent trois cycles de formations<\/strong>\u00a0d\u00e9livrant des dipl\u00f4mes nationaux reconnus par l\u2019\u00c9tat : licence, master et doctorat. Les candidatures peuvent \u00e9galement \u00eatre d\u00e9pos\u00e9es en ligne sur le site de\u00a0Campus Art.<br>\u00a0<\/p>\n","protected":false},"excerpt":{"rendered":"<p>La France compte plus de 3&nbsp;500 \u00e9tablissements d\u2019enseignement sup\u00e9rieur publics ou priv\u00e9s. Universit\u00e9s, grandes \u00e9coles ou encore \u00e9coles d\u2019art ou d\u2019architecture&nbsp;: le choix est vaste pour les \u00e9tudiants \u00e9trangers qui veulent \u00e9tudier en France. LES UNIVERSIT\u00c9S&nbsp;: L\u2019ENSEIGNEMENT SUP\u00c9RIEUR POUR TOUS Les universit\u00e9s accueillent 75 % des \u00e9tudiants \u00e9trangers qui ont choisi la France pour leurs [&hellip;]<\/p>\n","protected":false},"author":1,"featured_media":0,"parent":0,"menu_order":0,"comment_status":"closed","ping_status":"closed","template":"","meta":[],"_links":{"self":[{"href":"https:\/\/gbsgroupe1.lescigales.org\/index.php?rest_route=\/wp\/v2\/pages\/96"}],"collection":[{"href":"https:\/\/gbsgroupe1.lescigales.org\/index.php?rest_route=\/wp\/v2\/pages"}],"about":[{"href":"https:\/\/gbsgroupe1.lescigales.org\/index.php?rest_route=\/wp\/v2\/types\/page"}],"author":[{"embeddable":true,"href":"https:\/\/gbsgroupe1.lescigales.org\/index.php?rest_route=\/wp\/v2\/users\/1"}],"replies":[{"embeddable":true,"href":"https:\/\/gbsgroupe1.lescigales.org\/index.php?rest_route=%2Fwp%2Fv2%2Fcomments&post=96"}],"version-history":[{"count":5,"href":"https:\/\/gbsgroupe1.lescigales.org\/index.php?rest_route=\/wp\/v2\/pages\/96\/revisions"}],"predecessor-version":[{"id":169,"href":"https:\/\/gbsgroupe1.lescigales.org\/index.php?rest_route=\/wp\/v2\/pages\/96\/revisions\/169"}],"wp:attachment":[{"href":"https:\/\/gbsgroupe1.lescigales.org\/index.php?rest_route=%2Fwp%2Fv2%2Fmedia&parent=96"}],"curies":[{"name":"wp","href":"https:\/\/api.w.org\/{rel}","templated":true}]}}